{"id":1901,"date":"2025-07-04T10:56:04","date_gmt":"2025-07-04T10:56:04","guid":{"rendered":"https:\/\/holisens.fondation.online\/?page_id=1901"},"modified":"2026-02-13T17:02:34","modified_gmt":"2026-02-13T17:02:34","slug":"collection-harmonie","status":"publish","type":"page","link":"https:\/\/holisens.fondation.online\/?page_id=1901","title":{"rendered":"Collection Harmonie"},"content":{"rendered":"\t\t<div data-elementor-type=\"wp-page\" data-elementor-id=\"1901\" class=\"elementor elementor-1901\" data-elementor-post-type=\"page\">\n\t\t\t\t<div class=\"elementor-element elementor-element-10431c7 e-flex e-con-boxed e-con e-parent\" data-id=\"10431c7\" data-element_type=\"container\">\n\t\t\t\t\t<div class=\"e-con-inner\">\n\t\t\t\t<div class=\"elementor-element elementor-element-5cdd9810 elementor-widget__width-initial elementor-align-center elementor-widget elementor-widget-lottie\" data-id=\"5cdd9810\" data-element_type=\"widget\" data-settings=\"{&quot;source_json&quot;:{&quot;url&quot;:&quot;https:\\\/\\\/holisens.fondation.online\\\/wp-content\\\/uploads\\\/2025\\\/02\\\/18110-common-arrow-white2.json&quot;,&quot;id&quot;:241,&quot;size&quot;:&quot;&quot;},&quot;link_to&quot;:&quot;custom&quot;,&quot;custom_link&quot;:{&quot;url&quot;:&quot;#products&quot;,&quot;is_external&quot;:&quot;&quot;,&quot;nofollow&quot;:&quot;&quot;,&quot;custom_attributes&quot;:&quot;&quot;},&quot;loop&quot;:&quot;yes&quot;,&quot;play_speed&quot;:{&quot;unit&quot;:&quot;px&quot;,&quot;size&quot;:&quot;0.3&quot;,&quot;sizes&quot;:[]},&quot;lazyload&quot;:&quot;yes&quot;,&quot;source&quot;:&quot;media_file&quot;,&quot;caption_source&quot;:&quot;none&quot;,&quot;trigger&quot;:&quot;arriving_to_viewport&quot;,&quot;viewport&quot;:{&quot;unit&quot;:&quot;%&quot;,&quot;size&quot;:&quot;&quot;,&quot;sizes&quot;:{&quot;start&quot;:0,&quot;end&quot;:100}},&quot;start_point&quot;:{&quot;unit&quot;:&quot;%&quot;,&quot;size&quot;:0,&quot;sizes&quot;:[]},&quot;end_point&quot;:{&quot;unit&quot;:&quot;%&quot;,&quot;size&quot;:100,&quot;sizes&quot;:[]},&quot;renderer&quot;:&quot;svg&quot;}\" data-widget_type=\"lottie.default\">\n\t\t\t\t<div class=\"elementor-widget-container\">\n\t\t\t\t\t<a class=\"e-lottie__container__link\" href=\"#products\"><div class=\"e-lottie__container\"><div class=\"e-lottie__animation\"><\/div><\/div><\/a>\t\t\t\t<\/div>\n\t\t\t\t<\/div>\n\t\t\t\t\t<\/div>\n\t\t\t\t<\/div>\n\t\t<div class=\"elementor-element elementor-element-25dd1acf e-grid e-con-boxed e-con e-parent\" data-id=\"25dd1acf\" data-element_type=\"container\" data-settings=\"{&quot;background_background&quot;:&quot;classic&quot;}\">\n\t\t\t\t\t<div class=\"e-con-inner\">\n\t\t\t\t<div class=\"elementor-element elementor-element-35af7179 elementor-widget elementor-widget-heading\" data-id=\"35af7179\" data-element_type=\"widget\" data-widget_type=\"heading.default\">\n\t\t\t\t<div class=\"elementor-widget-container\">\n\t\t\t\t\t<h1 class=\"elementor-heading-title elementor-size-default\">Collection Harmonie<\/h1>\t\t\t\t<\/div>\n\t\t\t\t<\/div>\n\t\t\t\t\t<\/div>\n\t\t\t\t<\/div>\n\t\t<div class=\"elementor-element elementor-element-40ab56e4 e-flex e-con-boxed e-con e-parent\" data-id=\"40ab56e4\" data-element_type=\"container\">\n\t\t\t\t\t<div class=\"e-con-inner\">\n\t\t<div class=\"elementor-element elementor-element-3554f5c1 e-con-full e-flex e-con e-child\" data-id=\"3554f5c1\" data-element_type=\"container\">\n\t\t\t\t<div class=\"elementor-element elementor-element-18ff5603 elementor-widget elementor-widget-text-editor\" data-id=\"18ff5603\" data-element_type=\"widget\" data-widget_type=\"text-editor.default\">\n\t\t\t\t<div class=\"elementor-widget-container\">\n\t\t\t\t\t\t\t\t\t<p>Par\u00e9e d\u2019un<strong> bleu turquoise<\/strong> doux et apaisant, la collection <strong>Harmonie<\/strong> a \u00e9t\u00e9 pens\u00e9e comme un <strong>rituel d\u2019ancrage<\/strong>. Dans un monde o\u00f9 tout va trop vite, elle permet un espace int\u00e9rieur de <strong>paix<\/strong>.<\/p><p>Inspir\u00e9e par la <strong>Pierre de Lune<\/strong>, symbole de f\u00e9minit\u00e9 et de sagesse \u00e9motionnelle, elle agit en lithoth\u00e9rapie sur le <strong>chakra du troisi\u00e8me \u0153il<\/strong> et <strong>du c\u0153ur. <\/strong>Elle favoriserait la <strong>r\u00e9gulation \u00e9motionnelle<\/strong>, l\u2019<strong>\u00e9coute de soi<\/strong> et l\u2019ouverture \u00e0 l\u2019<strong>intuition<\/strong>.<\/p><p>Associ\u00e9e \u00e0 l\u2019<strong>Huile d\u2019Amande Douce<\/strong>, connue pour ses propri\u00e9t\u00e9s hydratantes et apaisantes, cette combinaison enveloppe votre peau de <strong>confort<\/strong> et r\u00e9tabli une <strong>harmonie<\/strong> subtile entre le <strong>corps<\/strong> et l&rsquo;<strong>esprit<\/strong>.<\/p><p>Son <strong>parfum<\/strong> r\u00e9v\u00e8le des notes florales \u00e9l\u00e9gantes de lys et de narcisse, relev\u00e9es de baies de myrtille et de cerise. Un accord olfactif \u00e0 la fois <strong>lumineux<\/strong>, <strong>frais<\/strong> et <strong>enveloppant<\/strong>.<\/p>\t\t\t\t\t\t\t\t<\/div>\n\t\t\t\t<\/div>\n\t\t\t\t<\/div>\n\t\t\t\t\t<\/div>\n\t\t\t\t<\/div>\n\t\t<div class=\"elementor-element elementor-element-48ba15c1 e-con-full e-flex e-con e-parent\" data-id=\"48ba15c1\" data-element_type=\"container\">\n\t\t\t\t<div class=\"elementor-element elementor-element-43051374 elementor-widget elementor-widget-n-accordion\" data-id=\"43051374\" data-element_type=\"widget\" data-settings=\"{&quot;default_state&quot;:&quot;all_collapsed&quot;,&quot;n_accordion_animation_duration&quot;:{&quot;unit&quot;:&quot;ms&quot;,&quot;size&quot;:800,&quot;sizes&quot;:[]},&quot;max_items_expended&quot;:&quot;one&quot;}\" data-widget_type=\"nested-accordion.default\">\n\t\t\t\t<div class=\"elementor-widget-container\">\n\t\t\t\t\t\t\t<div class=\"e-n-accordion\" aria-label=\"Accordion. Open links with Enter or Space, close with Escape, and navigate with Arrow Keys\">\n\t\t\t\t\t\t<details id=\"e-n-accordion-item-1120\" class=\"e-n-accordion-item\" >\n\t\t\t\t<summary class=\"e-n-accordion-item-title\" data-accordion-index=\"1\" tabindex=\"0\" aria-expanded=\"false\" aria-controls=\"e-n-accordion-item-1120\" >\n\t\t\t\t\t<span class='e-n-accordion-item-title-header'><div class=\"e-n-accordion-item-title-text\"> Offrez-vous la douceur accessible <\/div><\/span>\n\t\t\t\t\t\t\t\t\t<\/summary>\n\t\t\t\t<div role=\"region\" aria-labelledby=\"e-n-accordion-item-1120\" class=\"elementor-element elementor-element-394d1607 e-con-full e-flex e-con e-child\" data-id=\"394d1607\" data-element_type=\"container\">\n\t\t<div role=\"region\" aria-labelledby=\"e-n-accordion-item-1120\" class=\"elementor-element elementor-element-6a59879d e-con-full e-flex e-con e-child\" data-id=\"6a59879d\" data-element_type=\"container\">\n\t\t\t\t<div class=\"elementor-element elementor-element-6c35eed7 elementor-widget__width-initial elementor-widget elementor-widget-text-editor\" data-id=\"6c35eed7\" data-element_type=\"widget\" data-widget_type=\"text-editor.default\">\n\t\t\t\t<div class=\"elementor-widget-container\">\n\t\t\t\t\t\t\t\t\t<p style=\"text-align: center;\">Tous les soins de la <strong>collection Harmonie<\/strong>\u00a0sont formul\u00e9s avec plus de <strong>95 % d\u2019ingr\u00e9dients d\u2019origine naturelle<\/strong>, sont <strong>vegan<\/strong>, test\u00e9s sous contr\u00f4le m\u00e9dical et <strong>fabriqu\u00e9s en France<\/strong>. Fid\u00e8le \u00e0 l\u2019ADN de Holisens, cette collection est <strong>accessible \u00e0 tous<\/strong>, sans compromis sur la qualit\u00e9 ni sur l\u2019\u00e9motion.<\/p><p style=\"text-align: center;\">Une alchimie subtile entre <strong>cosm\u00e9tique naturelle<\/strong>, <strong>rituel sensoriel<\/strong> et <strong>\u00e9quilibre \u00e9motionnel<\/strong>.<\/p><p style=\"text-align: center;\">Laissez-vous envelopper\u2026 et <strong>ressentez<\/strong>.<\/p>\t\t\t\t\t\t\t\t<\/div>\n\t\t\t\t<\/div>\n\t\t\t\t<\/div>\n\t\t\t\t<\/div>\n\t\t\t\t\t<\/details>\n\t\t\t\t\t\t<details id=\"e-n-accordion-item-1121\" class=\"e-n-accordion-item\" >\n\t\t\t\t<summary class=\"e-n-accordion-item-title\" data-accordion-index=\"2\" tabindex=\"-1\" aria-expanded=\"false\" aria-controls=\"e-n-accordion-item-1121\" >\n\t\t\t\t\t<span class='e-n-accordion-item-title-header'><div class=\"e-n-accordion-item-title-text\"> Nos soins du corps <\/div><\/span>\n\t\t\t\t\t\t\t\t\t<\/summary>\n\t\t\t\t<div role=\"region\" aria-labelledby=\"e-n-accordion-item-1121\" class=\"elementor-element elementor-element-d419454 e-con-full e-flex e-con e-child\" data-id=\"d419454\" data-element_type=\"container\">\n\t\t<div role=\"region\" aria-labelledby=\"e-n-accordion-item-1121\" class=\"elementor-element elementor-element-12e8cffa e-flex e-con-boxed e-con e-child\" data-id=\"12e8cffa\" data-element_type=\"container\">\n\t\t\t\t\t<div class=\"e-con-inner\">\n\t\t\t\t<div class=\"elementor-element elementor-element-7593de0d elementor-widget elementor-widget-text-editor\" data-id=\"7593de0d\" data-element_type=\"widget\" data-widget_type=\"text-editor.default\">\n\t\t\t\t<div class=\"elementor-widget-container\">\n\t\t\t\t\t\t\t\t\t<p style=\"text-align: center;\"><strong>Gel Douche Bienfaisant<\/strong> &#8211; Pierre de Lune &amp; Huile d&rsquo;Amande Douce<\/p>\t\t\t\t\t\t\t\t<\/div>\n\t\t\t\t<\/div>\n\t\t\t\t\t<\/div>\n\t\t\t\t<\/div>\n\t\t\t\t<\/div>\n\t\t\t\t\t<\/details>\n\t\t\t\t\t<\/div>\n\t\t\t\t\t\t<\/div>\n\t\t\t\t<\/div>\n\t\t\t\t<\/div>\n\t\t<div class=\"elementor-element elementor-element-62d50e16 e-flex e-con-boxed e-con e-parent\" data-id=\"62d50e16\" data-element_type=\"container\">\n\t\t\t\t\t<div class=\"e-con-inner\">\n\t\t\t\t<div class=\"woocommerce elementor-element elementor-element-e793e37 elementor-grid-4 elementor-grid-mobile-2 elementor-grid-tablet-2 elementor-widget elementor-widget-loop-grid\" data-id=\"e793e37\" data-element_type=\"widget\" data-settings=\"{&quot;_skin&quot;:&quot;product&quot;,&quot;template_id&quot;:&quot;762&quot;,&quot;columns&quot;:4,&quot;pagination_type&quot;:&quot;numbers_and_prev_next&quot;,&quot;row_gap&quot;:{&quot;unit&quot;:&quot;px&quot;,&quot;size&quot;:64,&quot;sizes&quot;:[]},&quot;columns_mobile&quot;:2,&quot;columns_tablet&quot;:&quot;2&quot;,&quot;edit_handle_selector&quot;:&quot;[data-elementor-type=\\&quot;loop-item\\&quot;]&quot;,&quot;pagination_load_type&quot;:&quot;page_reload&quot;,&quot;row_gap_tablet&quot;:{&quot;unit&quot;:&quot;px&quot;,&quot;size&quot;:&quot;&quot;,&quot;sizes&quot;:[]},&quot;row_gap_mobile&quot;:{&quot;unit&quot;:&quot;px&quot;,&quot;size&quot;:&quot;&quot;,&quot;sizes&quot;:[]}}\" data-widget_type=\"loop-grid.product\">\n\t\t\t\t<div class=\"elementor-widget-container\">\n\t\t\t\t\t\t\t<div class=\"elementor-loop-container elementor-grid\" role=\"list\">\n\t\t<style id=\"loop-762\">.elementor-762 .elementor-element.elementor-element-c5b3354{--display:flex;--flex-direction:column;--container-widget-width:100%;--container-widget-height:initial;--container-widget-flex-grow:0;--container-widget-align-self:initial;--flex-wrap-mobile:wrap;--gap:5px 5px;--row-gap:5px;--column-gap:5px;}.elementor-762 .elementor-element.elementor-element-e3e1bd7 > .elementor-widget-container{margin:0px 0px 0px 0px;padding:0px 0px 6px 0px;}.elementor-762 .elementor-element.elementor-element-5419d70{text-align:center;}.elementor-762 .elementor-element.elementor-element-5419d70 .elementor-heading-title{font-family:\"IvyOra\", Sans-serif;font-size:20px;font-weight:500;}.elementor-762 .elementor-element.elementor-element-3183143 > .elementor-widget-container{margin:0px 0px -25px 0px;}.elementor-762 .elementor-element.elementor-element-3183143{text-align:center;}.elementor-762 .elementor-element.elementor-element-eedf822{--display:flex;--min-height:0px;--flex-direction:row;--container-widget-width:calc( ( 1 - var( --container-widget-flex-grow ) ) * 100% );--container-widget-height:100%;--container-widget-flex-grow:1;--container-widget-align-self:stretch;--flex-wrap-mobile:wrap;--justify-content:center;--align-items:center;--gap:10px 10px;--row-gap:10px;--column-gap:10px;--margin-top:0px;--margin-bottom:0px;--margin-left:0px;--margin-right:0px;--padding-top:0px;--padding-bottom:0px;--padding-left:0px;--padding-right:0px;}.elementor-762 .elementor-element.elementor-element-f167f2d.elementor-element{--align-self:center;}.elementor-762 .elementor-element.elementor-element-f167f2d{text-align:left;font-family:\"IvyOra\", Sans-serif;font-size:14px;font-weight:400;color:#747474;}.elementor-762 .elementor-element.elementor-element-058a185{--display:flex;--min-height:0px;--flex-direction:row;--container-widget-width:calc( ( 1 - var( --container-widget-flex-grow ) ) * 100% );--container-widget-height:100%;--container-widget-flex-grow:1;--container-widget-align-self:stretch;--flex-wrap-mobile:wrap;--justify-content:center;--align-items:center;--gap:10px 10px;--row-gap:10px;--column-gap:10px;--margin-top:0px;--margin-bottom:0px;--margin-left:0px;--margin-right:0px;--padding-top:0px;--padding-bottom:0px;--padding-left:0px;--padding-right:0px;}.elementor-762 .elementor-element.elementor-element-b5786f7 > .elementor-widget-container{margin:0px 0px -10px 0px;padding:0px 0px 0px 0px;}.elementor-762 .elementor-element.elementor-element-b5786f7.elementor-element{--align-self:center;}.elementor-762 .elementor-element.elementor-element-b5786f7{text-align:right;}.woocommerce .elementor-762 .elementor-element.elementor-element-b5786f7 .price{color:var( --e-global-color-primary );font-family:\"IvyOra\", Sans-serif;font-size:26px;font-weight:400;}.woocommerce .elementor-762 .elementor-element.elementor-element-b5786f7 .price ins{font-size:1px;font-weight:800;}body:not(.rtl) .elementor-762 .elementor-element.elementor-element-b5786f7:not(.elementor-product-price-block-yes) del{margin-right:0px;}body.rtl .elementor-762 .elementor-element.elementor-element-b5786f7:not(.elementor-product-price-block-yes) del{margin-left:0px;}.elementor-762 .elementor-element.elementor-element-b5786f7.elementor-product-price-block-yes del{margin-bottom:0px;}.elementor-762 .elementor-element.elementor-element-f1a61a2 > .elementor-widget-container{margin:6px 0px -4px 0px;padding:0px 0px 0px 0px;}.elementor-762 .elementor-element.elementor-element-f1a61a2.elementor-element{--align-self:flex-start;--flex-grow:0;--flex-shrink:0;}.elementor-762 .elementor-element.elementor-element-f1a61a2{font-family:\"IvyOra\", Sans-serif;font-size:16px;font-weight:400;}.elementor-762 .elementor-element.elementor-element-775023c.elementor-element{--align-self:center;}.elementor-762 .elementor-element.elementor-element-775023c{text-align:left;font-family:\"IvyOra\", Sans-serif;font-size:14px;font-weight:400;color:#747474;}.elementor-762 .elementor-element.elementor-element-b6cbefc > .elementor-widget-container{margin:0px 0px 0px 0px;padding:0px 0px 0px 0px;}.elementor-762 .elementor-element.elementor-element-b6cbefc.elementor-element{--align-self:stretch;}.elementor-762 .elementor-element.elementor-element-b6cbefc .cart button, .elementor-762 .elementor-element.elementor-element-b6cbefc .cart .button{font-family:\"IvyOra\", Sans-serif;font-size:16px;font-weight:400;border-style:solid;border-width:1px 1px 1px 1px;border-radius:30px 30px 30px 30px;padding:10px 10px 10px 10px;color:var( --e-global-color-primary );background-color:#FFFFFF;border-color:var( --e-global-color-primary );transition:all 0.2s;}.elementor-762 .elementor-element.elementor-element-b6cbefc .cart button:hover, .elementor-762 .elementor-element.elementor-element-b6cbefc .cart .button:hover{color:#FFFFFF;background-color:var( --e-global-color-primary );border-color:var( --e-global-color-primary );}.elementor-762 .elementor-element.elementor-element-b6cbefc .added_to_cart{font-family:\"IvyOra\", Sans-serif;font-size:20px;font-weight:400;}.elementor-762 .elementor-element.elementor-element-b6cbefc{--view-cart-spacing:8px;}.woocommerce .elementor-762 .elementor-element.elementor-element-b6cbefc form.cart table.variations label{font-family:var( --e-global-typography-text-font-family ), Sans-serif;font-size:var( --e-global-typography-text-font-size );font-weight:var( --e-global-typography-text-font-weight );}@media(max-width:1024px){.woocommerce .elementor-762 .elementor-element.elementor-element-b6cbefc form.cart table.variations label{font-size:var( --e-global-typography-text-font-size );}}@media(max-width:767px){.woocommerce .elementor-762 .elementor-element.elementor-element-b5786f7 .price{font-size:20px;}.elementor-762 .elementor-element.elementor-element-b6cbefc.elementor-element{--align-self:stretch;}.elementor-762 .elementor-element.elementor-element-b6cbefc .cart button, .elementor-762 .elementor-element.elementor-element-b6cbefc .cart .button{font-size:16px;line-height:1.5em;}.woocommerce .elementor-762 .elementor-element.elementor-element-b6cbefc form.cart table.variations label{font-size:var( --e-global-typography-text-font-size );}}<\/style>\t\t<div data-elementor-type=\"loop-item\" data-elementor-id=\"762\" class=\"elementor elementor-762 e-loop-item e-loop-item-1469 post-1469 product type-product status-publish has-post-thumbnail product_brand-harmonie product_cat-gel-douche first instock taxable shipping-taxable purchasable product-type-simple\" data-elementor-post-type=\"elementor_library\" data-custom-edit-handle=\"1\">\n\t\t\t<div class=\"elementor-element elementor-element-c5b3354 e-flex e-con-boxed e-con e-parent\" data-id=\"c5b3354\" data-element_type=\"container\">\n\t\t\t\t\t<div class=\"e-con-inner\">\n\t\t\t\t<div class=\"elementor-element elementor-element-e3e1bd7 elementor-widget elementor-widget-theme-post-featured-image elementor-widget-image\" data-id=\"e3e1bd7\" data-element_type=\"widget\" data-widget_type=\"theme-post-featured-image.default\">\n\t\t\t\t<div class=\"elementor-widget-container\">\n\t\t\t\t\t\t\t\t\t\t\t\t\t\t\t\t<a href=\"https:\/\/holisens.fondation.online\/?product=gel-douche-bienfaisant-3\" target=\"_blank\">\n\t\t\t\t\t\t\t<img fetchpriority=\"high\" decoding=\"async\" width=\"240\" height=\"240\" src=\"https:\/\/holisens.fondation.online\/wp-content\/uploads\/2025\/07\/Plan-de-travail-2-1-240x240.png\" class=\"attachment-woocommerce_thumbnail size-woocommerce_thumbnail wp-image-2153\" alt=\"\" srcset=\"https:\/\/holisens.fondation.online\/wp-content\/uploads\/2025\/07\/Plan-de-travail-2-1-240x240.png 240w, https:\/\/holisens.fondation.online\/wp-content\/uploads\/2025\/07\/Plan-de-travail-2-1-100x100.png 100w, https:\/\/holisens.fondation.online\/wp-content\/uploads\/2025\/07\/Plan-de-travail-2-1-64x64.png 64w, https:\/\/holisens.fondation.online\/wp-content\/uploads\/2025\/07\/Plan-de-travail-2-1-300x300.png 300w, https:\/\/holisens.fondation.online\/wp-content\/uploads\/2025\/07\/Plan-de-travail-2-1-150x150.png 150w, https:\/\/holisens.fondation.online\/wp-content\/uploads\/2025\/07\/Plan-de-travail-2-1-768x768.png 768w, https:\/\/holisens.fondation.online\/wp-content\/uploads\/2025\/07\/Plan-de-travail-2-1-400x400.png 400w, https:\/\/holisens.fondation.online\/wp-content\/uploads\/2025\/07\/Plan-de-travail-2-1.png 800w\" sizes=\"(max-width: 240px) 100vw, 240px\" \/>\t\t\t\t\t\t\t\t<\/a>\n\t\t\t\t\t\t\t\t\t\t\t\t\t\t\t<\/div>\n\t\t\t\t<\/div>\n\t\t\t\t<div class=\"elementor-element elementor-element-5419d70 elementor-widget elementor-widget-woocommerce-product-title elementor-page-title elementor-widget-heading\" data-id=\"5419d70\" data-element_type=\"widget\" data-widget_type=\"woocommerce-product-title.default\">\n\t\t\t\t<div class=\"elementor-widget-container\">\n\t\t\t\t\t<h1 class=\"product_title entry-title elementor-heading-title elementor-size-default\">Gel Douche Bienfaisant<\/h1>\t\t\t\t<\/div>\n\t\t\t\t<\/div>\n\t\t\t\t<div class=\"elementor-element elementor-element-3183143 elementor-widget elementor-widget-text-editor\" data-id=\"3183143\" data-element_type=\"widget\" data-widget_type=\"text-editor.default\">\n\t\t\t\t<div class=\"elementor-widget-container\">\n\t\t\t\t\t\t\t\t\t<p><span style=\"color: #33cccc\"><strong>Harmonie<\/strong><\/span><\/p>\n\t\t\t\t\t\t\t\t<\/div>\n\t\t\t\t<\/div>\n\t\t<div class=\"elementor-element elementor-element-eedf822 e-con-full e-flex e-con e-child\" data-id=\"eedf822\" data-element_type=\"container\">\n\t\t\t\t<div class=\"elementor-element elementor-element-f167f2d elementor-widget elementor-widget-text-editor\" data-id=\"f167f2d\" data-element_type=\"widget\" data-widget_type=\"text-editor.default\">\n\t\t\t\t<div class=\"elementor-widget-container\">\n\t\t\t\t\t\t\t\t\t400ml\t\t\t\t\t\t\t\t<\/div>\n\t\t\t\t<\/div>\n\t\t\t\t<\/div>\n\t\t<div class=\"elementor-element elementor-element-058a185 e-con-full elementor-hidden-desktop elementor-hidden-tablet elementor-hidden-mobile e-flex e-con e-child\" data-id=\"058a185\" data-element_type=\"container\">\n\t\t\t\t<div class=\"elementor-element elementor-element-b5786f7 elementor-widget elementor-widget-woocommerce-product-price\" data-id=\"b5786f7\" data-element_type=\"widget\" data-widget_type=\"woocommerce-product-price.default\">\n\t\t\t\t<div class=\"elementor-widget-container\">\n\t\t\t\t\t<p class=\"price\"><span class=\"woocommerce-Price-amount amount\"><bdi>5.49&nbsp;<span class=\"woocommerce-Price-currencySymbol\">&euro;<\/span><\/bdi><\/span><\/p>\n\t\t\t\t<\/div>\n\t\t\t\t<\/div>\n\t\t\t\t<div class=\"elementor-element elementor-element-f1a61a2 elementor-widget elementor-widget-text-editor\" data-id=\"f1a61a2\" data-element_type=\"widget\" data-widget_type=\"text-editor.default\">\n\t\t\t\t<div class=\"elementor-widget-container\">\n\t\t\t\t\t\t\t\t\t<p style=\"text-align: center;\">\u2014<\/p>\t\t\t\t\t\t\t\t<\/div>\n\t\t\t\t<\/div>\n\t\t\t\t<div class=\"elementor-element elementor-element-775023c elementor-widget elementor-widget-text-editor\" data-id=\"775023c\" data-element_type=\"widget\" data-widget_type=\"text-editor.default\">\n\t\t\t\t<div class=\"elementor-widget-container\">\n\t\t\t\t\t\t\t\t\t400ml\t\t\t\t\t\t\t\t<\/div>\n\t\t\t\t<\/div>\n\t\t\t\t<\/div>\n\t\t\t\t<div class=\"elementor-element elementor-element-b6cbefc elementor-add-to-cart--align-center elementor-add-to-cart-mobile--align-center boutons-wrap elementor-hidden-desktop elementor-hidden-tablet elementor-hidden-mobile elementor-widget elementor-widget-woocommerce-product-add-to-cart\" data-id=\"b6cbefc\" data-element_type=\"widget\" data-widget_type=\"woocommerce-product-add-to-cart.default\">\n\t\t\t\t<div class=\"elementor-widget-container\">\n\t\t\t\t\t\n\t\t<div class=\"elementor-add-to-cart elementor-product-simple\">\n\t\t\t\t\t<div class=\"e-loop-add-to-cart-form-container\">\n\t\t\t<form class=\"cart e-loop-add-to-cart-form\">\n\t\t\t\t<a href=\"\/index.php?rest_route=%2Fwp%2Fv2%2Fpages%2F1901&#038;add-to-cart=1469\" aria-describedby=\"woocommerce_loop_add_to_cart_link_describedby_1469\" data-quantity=\"1\" class=\"button product_type_simple add_to_cart_button ajax_add_to_cart\" data-product_id=\"1469\" data-product_sku=\"\" aria-label=\"Ajouter au panier\u00a0: &ldquo;Gel Douche Bienfaisant&rdquo;\" rel=\"nofollow\" data-success_message=\"\u00ab\u00a0Gel Douche Bienfaisant\u00a0\u00bb a \u00e9t\u00e9 ajout\u00e9 \u00e0 votre panier\" role=\"button\">Ajouter au panier<\/a>\t<span id=\"woocommerce_loop_add_to_cart_link_describedby_1469\" class=\"screen-reader-text\">\n\t\t\t<\/span>\n\t\t\t<\/form>\n\t\t<\/div>\n\t\t\t\t<\/div>\n\n\t\t\t\t\t\t<\/div>\n\t\t\t\t<\/div>\n\t\t\t\t\t<\/div>\n\t\t\t\t<\/div>\n\t\t\t\t<\/div>\n\t\t\t\t<\/div>\n\t\t\n\t\t\t\t\t\t<\/div>\n\t\t\t\t<\/div>\n\t\t\t\t\t<\/div>\n\t\t\t\t<\/div>\n\t\t\t\t<\/div>\n\t\t","protected":false},"excerpt":{"rendered":"<p>Collection Harmonie Par\u00e9e d\u2019un bleu turquoise doux et apaisant, la collection Harmonie a \u00e9t\u00e9 pens\u00e9e comme un rituel d\u2019ancrage. Dans un monde o\u00f9 tout va trop vite, elle permet un espace int\u00e9rieur de paix. Inspir\u00e9e par la Pierre de Lune, symbole de f\u00e9minit\u00e9 et de sagesse \u00e9motionnelle, elle agit en lithoth\u00e9rapie sur le chakra du [&hellip;]<\/p>\n","protected":false},"author":1,"featured_media":0,"parent":0,"menu_order":0,"comment_status":"closed","ping_status":"closed","template":"","meta":{"_acf_changed":false,"footnotes":""},"class_list":["post-1901","page","type-page","status-publish","hentry"],"acf":[],"_links":{"self":[{"href":"https:\/\/holisens.fondation.online\/index.php?rest_route=\/wp\/v2\/pages\/1901","targetHints":{"allow":["GET"]}}],"collection":[{"href":"https:\/\/holisens.fondation.online\/index.php?rest_route=\/wp\/v2\/pages"}],"about":[{"href":"https:\/\/holisens.fondation.online\/index.php?rest_route=\/wp\/v2\/types\/page"}],"author":[{"embeddable":true,"href":"https:\/\/holisens.fondation.online\/index.php?rest_route=\/wp\/v2\/users\/1"}],"replies":[{"embeddable":true,"href":"https:\/\/holisens.fondation.online\/index.php?rest_route=%2Fwp%2Fv2%2Fcomments&post=1901"}],"version-history":[{"count":10,"href":"https:\/\/holisens.fondation.online\/index.php?rest_route=\/wp\/v2\/pages\/1901\/revisions"}],"predecessor-version":[{"id":2407,"href":"https:\/\/holisens.fondation.online\/index.php?rest_route=\/wp\/v2\/pages\/1901\/revisions\/2407"}],"wp:attachment":[{"href":"https:\/\/holisens.fondation.online\/index.php?rest_route=%2Fwp%2Fv2%2Fmedia&parent=1901"}],"curies":[{"name":"wp","href":"https:\/\/api.w.org\/{rel}","templated":true}]}}