{"id":2275,"date":"2025-07-11T13:28:44","date_gmt":"2025-07-11T13:28:44","guid":{"rendered":"https:\/\/holisens.fondation.online\/?page_id=2275"},"modified":"2026-02-13T18:24:52","modified_gmt":"2026-02-13T18:24:52","slug":"eau-micellaire","status":"publish","type":"page","link":"https:\/\/holisens.fondation.online\/?page_id=2275","title":{"rendered":"Cat\u00e9gorie Eau Micellaire"},"content":{"rendered":"\t\t<div data-elementor-type=\"wp-page\" data-elementor-id=\"2275\" class=\"elementor elementor-2275\" data-elementor-post-type=\"page\">\n\t\t\t\t<div class=\"elementor-element elementor-element-1ca7cc2f e-flex e-con-boxed e-con e-parent\" data-id=\"1ca7cc2f\" data-element_type=\"container\">\n\t\t\t\t\t<div class=\"e-con-inner\">\n\t\t\t\t<div class=\"elementor-element elementor-element-6d7ed0f6 elementor-widget__width-initial elementor-align-center elementor-widget elementor-widget-lottie\" data-id=\"6d7ed0f6\" data-element_type=\"widget\" data-settings=\"{&quot;source_json&quot;:{&quot;url&quot;:&quot;https:\\\/\\\/holisens.fondation.online\\\/wp-content\\\/uploads\\\/2025\\\/02\\\/18110-common-arrow-white2.json&quot;,&quot;id&quot;:241,&quot;size&quot;:&quot;&quot;},&quot;link_to&quot;:&quot;custom&quot;,&quot;custom_link&quot;:{&quot;url&quot;:&quot;#products&quot;,&quot;is_external&quot;:&quot;&quot;,&quot;nofollow&quot;:&quot;&quot;,&quot;custom_attributes&quot;:&quot;&quot;},&quot;loop&quot;:&quot;yes&quot;,&quot;play_speed&quot;:{&quot;unit&quot;:&quot;px&quot;,&quot;size&quot;:&quot;0.3&quot;,&quot;sizes&quot;:[]},&quot;lazyload&quot;:&quot;yes&quot;,&quot;source&quot;:&quot;media_file&quot;,&quot;caption_source&quot;:&quot;none&quot;,&quot;trigger&quot;:&quot;arriving_to_viewport&quot;,&quot;viewport&quot;:{&quot;unit&quot;:&quot;%&quot;,&quot;size&quot;:&quot;&quot;,&quot;sizes&quot;:{&quot;start&quot;:0,&quot;end&quot;:100}},&quot;start_point&quot;:{&quot;unit&quot;:&quot;%&quot;,&quot;size&quot;:0,&quot;sizes&quot;:[]},&quot;end_point&quot;:{&quot;unit&quot;:&quot;%&quot;,&quot;size&quot;:100,&quot;sizes&quot;:[]},&quot;renderer&quot;:&quot;svg&quot;}\" data-widget_type=\"lottie.default\">\n\t\t\t\t<div class=\"elementor-widget-container\">\n\t\t\t\t\t<a class=\"e-lottie__container__link\" href=\"#products\"><div class=\"e-lottie__container\"><div class=\"e-lottie__animation\"><\/div><\/div><\/a>\t\t\t\t<\/div>\n\t\t\t\t<\/div>\n\t\t\t\t\t<\/div>\n\t\t\t\t<\/div>\n\t\t<div class=\"elementor-element elementor-element-1011e8d8 e-grid e-con-boxed e-con e-parent\" data-id=\"1011e8d8\" data-element_type=\"container\" data-settings=\"{&quot;background_background&quot;:&quot;classic&quot;}\">\n\t\t\t\t\t<div class=\"e-con-inner\">\n\t\t\t\t<div class=\"elementor-element elementor-element-ba807ef elementor-widget elementor-widget-heading\" data-id=\"ba807ef\" data-element_type=\"widget\" data-widget_type=\"heading.default\">\n\t\t\t\t<div class=\"elementor-widget-container\">\n\t\t\t\t\t<h1 class=\"elementor-heading-title elementor-size-default\">Nos Eaux Micellaires<\/h1>\t\t\t\t<\/div>\n\t\t\t\t<\/div>\n\t\t\t\t\t<\/div>\n\t\t\t\t<\/div>\n\t\t<div class=\"elementor-element elementor-element-6d6d947c e-con-full e-flex e-con e-parent\" data-id=\"6d6d947c\" data-element_type=\"container\">\n\t\t<div class=\"elementor-element elementor-element-387f35bc e-flex e-con-boxed e-con e-child\" data-id=\"387f35bc\" data-element_type=\"container\">\n\t\t\t\t\t<div class=\"e-con-inner\">\n\t\t\t\t<div class=\"elementor-element elementor-element-4f6bedf9 elementor-widget__width-initial elementor-widget elementor-widget-image\" data-id=\"4f6bedf9\" data-element_type=\"widget\" data-widget_type=\"image.default\">\n\t\t\t\t<div class=\"elementor-widget-container\">\n\t\t\t\t\t\t\t\t\t\t\t\t\t\t\t<img fetchpriority=\"high\" decoding=\"async\" width=\"1536\" height=\"1195\" src=\"https:\/\/holisens.fondation.online\/wp-content\/uploads\/2025\/07\/visuel-campagne-02-1536x1195.png\" class=\"attachment-1536x1536 size-1536x1536 wp-image-2626\" alt=\"\" srcset=\"https:\/\/holisens.fondation.online\/wp-content\/uploads\/2025\/07\/visuel-campagne-02-1536x1195.png 1536w, https:\/\/holisens.fondation.online\/wp-content\/uploads\/2025\/07\/visuel-campagne-02-300x233.png 300w, https:\/\/holisens.fondation.online\/wp-content\/uploads\/2025\/07\/visuel-campagne-02-1024x796.png 1024w, https:\/\/holisens.fondation.online\/wp-content\/uploads\/2025\/07\/visuel-campagne-02-768x597.png 768w, https:\/\/holisens.fondation.online\/wp-content\/uploads\/2025\/07\/visuel-campagne-02-2048x1593.png 2048w, https:\/\/holisens.fondation.online\/wp-content\/uploads\/2025\/07\/visuel-campagne-02-800x622.png 800w, https:\/\/holisens.fondation.online\/wp-content\/uploads\/2025\/07\/visuel-campagne-02-64x50.png 64w\" sizes=\"(max-width: 1536px) 100vw, 1536px\" \/>\t\t\t\t\t\t\t\t\t\t\t\t\t\t\t<\/div>\n\t\t\t\t<\/div>\n\t\t\t\t<div class=\"elementor-element elementor-element-609fb67f elementor-widget__width-initial elementor-widget elementor-widget-text-editor\" data-id=\"609fb67f\" data-element_type=\"widget\" data-widget_type=\"text-editor.default\">\n\t\t\t\t<div class=\"elementor-widget-container\">\n\t\t\t\t\t\t\t\t\t<p>Pour un v\u00e9ritable<strong> rituel de nettoyage quotiden<\/strong>, Nos eaux micellaire s&rsquo;inspirent de <strong>l&rsquo;\u00e9nergie des min\u00e9raux<\/strong> pour apporter \u00e0 votre peau ce dont elle a besoin pour une sensation de<strong> fraicheur<\/strong>\u00a0et de <strong>confort<\/strong> essentielle \u00e0 votre beaut\u00e9.<\/p><p>Parfaite pour tous les types de peau, elles transforment votre routine de nettoyage en une <strong>bulle de bien-\u00eatre<\/strong> sensoriel, r\u00e9v\u00e9lant une <strong>peau \u00e9quilibr\u00e9e<\/strong> et <strong>revitalis\u00e9e<\/strong>. Vous rayonnez !<\/p>\t\t\t\t\t\t\t\t<\/div>\n\t\t\t\t<\/div>\n\t\t\t\t\t<\/div>\n\t\t\t\t<\/div>\n\t\t\t\t<\/div>\n\t\t<div class=\"elementor-element elementor-element-28f3456b e-flex e-con-boxed e-con e-parent\" data-id=\"28f3456b\" data-element_type=\"container\">\n\t\t\t\t\t<div class=\"e-con-inner\">\n\t\t\t\t<div class=\"woocommerce elementor-element elementor-element-32b8e23c elementor-grid-5 elementor-grid-mobile-2 elementor-grid-tablet-2 elementor-widget elementor-widget-loop-grid\" data-id=\"32b8e23c\" data-element_type=\"widget\" data-settings=\"{&quot;_skin&quot;:&quot;product&quot;,&quot;template_id&quot;:&quot;762&quot;,&quot;columns&quot;:5,&quot;pagination_type&quot;:&quot;numbers_and_prev_next&quot;,&quot;row_gap&quot;:{&quot;unit&quot;:&quot;px&quot;,&quot;size&quot;:64,&quot;sizes&quot;:[]},&quot;columns_mobile&quot;:2,&quot;columns_tablet&quot;:&quot;2&quot;,&quot;edit_handle_selector&quot;:&quot;[data-elementor-type=\\&quot;loop-item\\&quot;]&quot;,&quot;pagination_load_type&quot;:&quot;page_reload&quot;,&quot;row_gap_tablet&quot;:{&quot;unit&quot;:&quot;px&quot;,&quot;size&quot;:&quot;&quot;,&quot;sizes&quot;:[]},&quot;row_gap_mobile&quot;:{&quot;unit&quot;:&quot;px&quot;,&quot;size&quot;:&quot;&quot;,&quot;sizes&quot;:[]}}\" data-widget_type=\"loop-grid.product\">\n\t\t\t\t<div class=\"elementor-widget-container\">\n\t\t\t\t\t\t\t<div class=\"elementor-loop-container elementor-grid\" role=\"list\">\n\t\t<style id=\"loop-762\">.elementor-762 .elementor-element.elementor-element-c5b3354{--display:flex;--flex-direction:column;--container-widget-width:100%;--container-widget-height:initial;--container-widget-flex-grow:0;--container-widget-align-self:initial;--flex-wrap-mobile:wrap;--gap:5px 5px;--row-gap:5px;--column-gap:5px;}.elementor-762 .elementor-element.elementor-element-e3e1bd7 > .elementor-widget-container{margin:0px 0px 0px 0px;padding:0px 0px 6px 0px;}.elementor-762 .elementor-element.elementor-element-5419d70{text-align:center;}.elementor-762 .elementor-element.elementor-element-5419d70 .elementor-heading-title{font-family:\"IvyOra\", Sans-serif;font-size:20px;font-weight:500;}.elementor-762 .elementor-element.elementor-element-3183143 > .elementor-widget-container{margin:0px 0px -25px 0px;}.elementor-762 .elementor-element.elementor-element-3183143{text-align:center;}.elementor-762 .elementor-element.elementor-element-eedf822{--display:flex;--min-height:0px;--flex-direction:row;--container-widget-width:calc( ( 1 - var( --container-widget-flex-grow ) ) * 100% );--container-widget-height:100%;--container-widget-flex-grow:1;--container-widget-align-self:stretch;--flex-wrap-mobile:wrap;--justify-content:center;--align-items:center;--gap:10px 10px;--row-gap:10px;--column-gap:10px;--margin-top:0px;--margin-bottom:0px;--margin-left:0px;--margin-right:0px;--padding-top:0px;--padding-bottom:0px;--padding-left:0px;--padding-right:0px;}.elementor-762 .elementor-element.elementor-element-f167f2d.elementor-element{--align-self:center;}.elementor-762 .elementor-element.elementor-element-f167f2d{text-align:left;font-family:\"IvyOra\", Sans-serif;font-size:14px;font-weight:400;color:#747474;}.elementor-762 .elementor-element.elementor-element-058a185{--display:flex;--min-height:0px;--flex-direction:row;--container-widget-width:calc( ( 1 - var( --container-widget-flex-grow ) ) * 100% );--container-widget-height:100%;--container-widget-flex-grow:1;--container-widget-align-self:stretch;--flex-wrap-mobile:wrap;--justify-content:center;--align-items:center;--gap:10px 10px;--row-gap:10px;--column-gap:10px;--margin-top:0px;--margin-bottom:0px;--margin-left:0px;--margin-right:0px;--padding-top:0px;--padding-bottom:0px;--padding-left:0px;--padding-right:0px;}.elementor-762 .elementor-element.elementor-element-b5786f7 > .elementor-widget-container{margin:0px 0px -10px 0px;padding:0px 0px 0px 0px;}.elementor-762 .elementor-element.elementor-element-b5786f7.elementor-element{--align-self:center;}.elementor-762 .elementor-element.elementor-element-b5786f7{text-align:right;}.woocommerce .elementor-762 .elementor-element.elementor-element-b5786f7 .price{color:var( --e-global-color-primary );font-family:\"IvyOra\", Sans-serif;font-size:26px;font-weight:400;}.woocommerce .elementor-762 .elementor-element.elementor-element-b5786f7 .price ins{font-size:1px;font-weight:800;}body:not(.rtl) .elementor-762 .elementor-element.elementor-element-b5786f7:not(.elementor-product-price-block-yes) del{margin-right:0px;}body.rtl .elementor-762 .elementor-element.elementor-element-b5786f7:not(.elementor-product-price-block-yes) del{margin-left:0px;}.elementor-762 .elementor-element.elementor-element-b5786f7.elementor-product-price-block-yes del{margin-bottom:0px;}.elementor-762 .elementor-element.elementor-element-f1a61a2 > .elementor-widget-container{margin:6px 0px -4px 0px;padding:0px 0px 0px 0px;}.elementor-762 .elementor-element.elementor-element-f1a61a2.elementor-element{--align-self:flex-start;--flex-grow:0;--flex-shrink:0;}.elementor-762 .elementor-element.elementor-element-f1a61a2{font-family:\"IvyOra\", Sans-serif;font-size:16px;font-weight:400;}.elementor-762 .elementor-element.elementor-element-775023c.elementor-element{--align-self:center;}.elementor-762 .elementor-element.elementor-element-775023c{text-align:left;font-family:\"IvyOra\", Sans-serif;font-size:14px;font-weight:400;color:#747474;}.elementor-762 .elementor-element.elementor-element-b6cbefc > .elementor-widget-container{margin:0px 0px 0px 0px;padding:0px 0px 0px 0px;}.elementor-762 .elementor-element.elementor-element-b6cbefc.elementor-element{--align-self:stretch;}.elementor-762 .elementor-element.elementor-element-b6cbefc .cart button, .elementor-762 .elementor-element.elementor-element-b6cbefc .cart .button{font-family:\"IvyOra\", Sans-serif;font-size:16px;font-weight:400;border-style:solid;border-width:1px 1px 1px 1px;border-radius:30px 30px 30px 30px;padding:10px 10px 10px 10px;color:var( --e-global-color-primary );background-color:#FFFFFF;border-color:var( --e-global-color-primary );transition:all 0.2s;}.elementor-762 .elementor-element.elementor-element-b6cbefc .cart button:hover, .elementor-762 .elementor-element.elementor-element-b6cbefc .cart .button:hover{color:#FFFFFF;background-color:var( --e-global-color-primary );border-color:var( --e-global-color-primary );}.elementor-762 .elementor-element.elementor-element-b6cbefc .added_to_cart{font-family:\"IvyOra\", Sans-serif;font-size:20px;font-weight:400;}.elementor-762 .elementor-element.elementor-element-b6cbefc{--view-cart-spacing:8px;}.woocommerce .elementor-762 .elementor-element.elementor-element-b6cbefc form.cart table.variations label{font-family:var( --e-global-typography-text-font-family ), Sans-serif;font-size:var( --e-global-typography-text-font-size );font-weight:var( --e-global-typography-text-font-weight );}@media(max-width:1024px){.woocommerce .elementor-762 .elementor-element.elementor-element-b6cbefc form.cart table.variations label{font-size:var( --e-global-typography-text-font-size );}}@media(max-width:767px){.woocommerce .elementor-762 .elementor-element.elementor-element-b5786f7 .price{font-size:20px;}.elementor-762 .elementor-element.elementor-element-b6cbefc.elementor-element{--align-self:stretch;}.elementor-762 .elementor-element.elementor-element-b6cbefc .cart button, .elementor-762 .elementor-element.elementor-element-b6cbefc .cart .button{font-size:16px;line-height:1.5em;}.woocommerce .elementor-762 .elementor-element.elementor-element-b6cbefc form.cart table.variations label{font-size:var( --e-global-typography-text-font-size );}}<\/style>\t\t<div data-elementor-type=\"loop-item\" data-elementor-id=\"762\" class=\"elementor elementor-762 e-loop-item e-loop-item-897 post-897 product type-product status-publish has-post-thumbnail product_brand-e1 product_cat-eau-micellaire first instock taxable shipping-taxable purchasable product-type-simple\" data-elementor-post-type=\"elementor_library\" data-custom-edit-handle=\"1\">\n\t\t\t<div class=\"elementor-element elementor-element-c5b3354 e-flex e-con-boxed e-con e-parent\" data-id=\"c5b3354\" data-element_type=\"container\">\n\t\t\t\t\t<div class=\"e-con-inner\">\n\t\t\t\t<div class=\"elementor-element elementor-element-e3e1bd7 elementor-widget elementor-widget-theme-post-featured-image elementor-widget-image\" data-id=\"e3e1bd7\" data-element_type=\"widget\" data-widget_type=\"theme-post-featured-image.default\">\n\t\t\t\t<div class=\"elementor-widget-container\">\n\t\t\t\t\t\t\t\t\t\t\t\t\t\t\t\t<a href=\"https:\/\/holisens.fondation.online\/?product=eau-micellaire\" target=\"_blank\">\n\t\t\t\t\t\t\t<img decoding=\"async\" width=\"240\" height=\"240\" src=\"https:\/\/holisens.fondation.online\/wp-content\/uploads\/2025\/03\/Plan-de-travail-3-240x240.png\" class=\"attachment-woocommerce_thumbnail size-woocommerce_thumbnail wp-image-2465\" alt=\"\" srcset=\"https:\/\/holisens.fondation.online\/wp-content\/uploads\/2025\/03\/Plan-de-travail-3-240x240.png 240w, https:\/\/holisens.fondation.online\/wp-content\/uploads\/2025\/03\/Plan-de-travail-3-300x300.png 300w, https:\/\/holisens.fondation.online\/wp-content\/uploads\/2025\/03\/Plan-de-travail-3-150x150.png 150w, https:\/\/holisens.fondation.online\/wp-content\/uploads\/2025\/03\/Plan-de-travail-3-768x768.png 768w, https:\/\/holisens.fondation.online\/wp-content\/uploads\/2025\/03\/Plan-de-travail-3-100x100.png 100w, https:\/\/holisens.fondation.online\/wp-content\/uploads\/2025\/03\/Plan-de-travail-3-64x64.png 64w, https:\/\/holisens.fondation.online\/wp-content\/uploads\/2025\/03\/Plan-de-travail-3.png 800w\" sizes=\"(max-width: 240px) 100vw, 240px\" \/>\t\t\t\t\t\t\t\t<\/a>\n\t\t\t\t\t\t\t\t\t\t\t\t\t\t\t<\/div>\n\t\t\t\t<\/div>\n\t\t\t\t<div class=\"elementor-element elementor-element-5419d70 elementor-widget elementor-widget-woocommerce-product-title elementor-page-title elementor-widget-heading\" data-id=\"5419d70\" data-element_type=\"widget\" data-widget_type=\"woocommerce-product-title.default\">\n\t\t\t\t<div class=\"elementor-widget-container\">\n\t\t\t\t\t<h1 class=\"product_title entry-title elementor-heading-title elementor-size-default\">Eau Micellaire D\u00e9maquillante<\/h1>\t\t\t\t<\/div>\n\t\t\t\t<\/div>\n\t\t\t\t<div class=\"elementor-element elementor-element-3183143 elementor-widget elementor-widget-text-editor\" data-id=\"3183143\" data-element_type=\"widget\" data-widget_type=\"text-editor.default\">\n\t\t\t\t<div class=\"elementor-widget-container\">\n\t\t\t\t\t\t\t\t\t<p><strong><span style=\"color: #d973a6\">Tendresse<\/span><\/strong><\/p>\n\t\t\t\t\t\t\t\t<\/div>\n\t\t\t\t<\/div>\n\t\t<div class=\"elementor-element elementor-element-eedf822 e-con-full e-flex e-con e-child\" data-id=\"eedf822\" data-element_type=\"container\">\n\t\t\t\t<div class=\"elementor-element elementor-element-f167f2d elementor-widget elementor-widget-text-editor\" data-id=\"f167f2d\" data-element_type=\"widget\" data-widget_type=\"text-editor.default\">\n\t\t\t\t<div class=\"elementor-widget-container\">\n\t\t\t\t\t\t\t\t\t400ml\t\t\t\t\t\t\t\t<\/div>\n\t\t\t\t<\/div>\n\t\t\t\t<\/div>\n\t\t<div class=\"elementor-element elementor-element-058a185 e-con-full elementor-hidden-desktop elementor-hidden-tablet elementor-hidden-mobile e-flex e-con e-child\" data-id=\"058a185\" data-element_type=\"container\">\n\t\t\t\t<div class=\"elementor-element elementor-element-b5786f7 elementor-widget elementor-widget-woocommerce-product-price\" data-id=\"b5786f7\" data-element_type=\"widget\" data-widget_type=\"woocommerce-product-price.default\">\n\t\t\t\t<div class=\"elementor-widget-container\">\n\t\t\t\t\t<p class=\"price\"><span class=\"woocommerce-Price-amount amount\"><bdi>5.49&nbsp;<span class=\"woocommerce-Price-currencySymbol\">&euro;<\/span><\/bdi><\/span><\/p>\n\t\t\t\t<\/div>\n\t\t\t\t<\/div>\n\t\t\t\t<div class=\"elementor-element elementor-element-f1a61a2 elementor-widget elementor-widget-text-editor\" data-id=\"f1a61a2\" data-element_type=\"widget\" data-widget_type=\"text-editor.default\">\n\t\t\t\t<div class=\"elementor-widget-container\">\n\t\t\t\t\t\t\t\t\t<p style=\"text-align: center;\">\u2014<\/p>\t\t\t\t\t\t\t\t<\/div>\n\t\t\t\t<\/div>\n\t\t\t\t<div class=\"elementor-element elementor-element-775023c elementor-widget elementor-widget-text-editor\" data-id=\"775023c\" data-element_type=\"widget\" data-widget_type=\"text-editor.default\">\n\t\t\t\t<div class=\"elementor-widget-container\">\n\t\t\t\t\t\t\t\t\t400ml\t\t\t\t\t\t\t\t<\/div>\n\t\t\t\t<\/div>\n\t\t\t\t<\/div>\n\t\t\t\t<div class=\"elementor-element elementor-element-b6cbefc elementor-add-to-cart--align-center elementor-add-to-cart-mobile--align-center boutons-wrap elementor-hidden-desktop elementor-hidden-tablet elementor-hidden-mobile elementor-widget elementor-widget-woocommerce-product-add-to-cart\" data-id=\"b6cbefc\" data-element_type=\"widget\" data-widget_type=\"woocommerce-product-add-to-cart.default\">\n\t\t\t\t<div class=\"elementor-widget-container\">\n\t\t\t\t\t\n\t\t<div class=\"elementor-add-to-cart elementor-product-simple\">\n\t\t\t\t\t<div class=\"e-loop-add-to-cart-form-container\">\n\t\t\t<form class=\"cart e-loop-add-to-cart-form\">\n\t\t\t\t<a href=\"\/index.php?rest_route=%2Fwp%2Fv2%2Fpages%2F2275&#038;add-to-cart=897\" aria-describedby=\"woocommerce_loop_add_to_cart_link_describedby_897\" data-quantity=\"1\" class=\"button product_type_simple add_to_cart_button ajax_add_to_cart\" data-product_id=\"897\" data-product_sku=\"\" aria-label=\"Ajouter au panier\u00a0: &ldquo;Eau Micellaire D\u00e9maquillante&rdquo;\" rel=\"nofollow\" data-success_message=\"\u00ab\u00a0Eau Micellaire D\u00e9maquillante\u00a0\u00bb a \u00e9t\u00e9 ajout\u00e9 \u00e0 votre panier\" role=\"button\">Ajouter au panier<\/a>\t<span id=\"woocommerce_loop_add_to_cart_link_describedby_897\" class=\"screen-reader-text\">\n\t\t\t<\/span>\n\t\t\t<\/form>\n\t\t<\/div>\n\t\t\t\t<\/div>\n\n\t\t\t\t\t\t<\/div>\n\t\t\t\t<\/div>\n\t\t\t\t\t<\/div>\n\t\t\t\t<\/div>\n\t\t\t\t<\/div>\n\t\t\t\t<\/div>\n\t\t\n\t\t\t\t\t\t<\/div>\n\t\t\t\t<\/div>\n\t\t\t\t\t<\/div>\n\t\t\t\t<\/div>\n\t\t<div class=\"elementor-element elementor-element-7f49bcbc e-flex e-con-boxed e-con e-parent\" data-id=\"7f49bcbc\" data-element_type=\"container\">\n\t\t\t\t\t<div class=\"e-con-inner\">\n\t\t\t\t\t<\/div>\n\t\t\t\t<\/div>\n\t\t\t\t<\/div>\n\t\t","protected":false},"excerpt":{"rendered":"<p>Nos Eaux Micellaires Pour un v\u00e9ritable rituel de nettoyage quotiden, Nos eaux micellaire s&rsquo;inspirent de l&rsquo;\u00e9nergie des min\u00e9raux pour apporter \u00e0 votre peau ce dont elle a besoin pour une sensation de fraicheur\u00a0et de confort essentielle \u00e0 votre beaut\u00e9. Parfaite pour tous les types de peau, elles transforment votre routine de nettoyage en une bulle [&hellip;]<\/p>\n","protected":false},"author":1,"featured_media":0,"parent":0,"menu_order":0,"comment_status":"closed","ping_status":"closed","template":"","meta":{"_acf_changed":false,"footnotes":""},"class_list":["post-2275","page","type-page","status-publish","hentry"],"acf":[],"_links":{"self":[{"href":"https:\/\/holisens.fondation.online\/index.php?rest_route=\/wp\/v2\/pages\/2275","targetHints":{"allow":["GET"]}}],"collection":[{"href":"https:\/\/holisens.fondation.online\/index.php?rest_route=\/wp\/v2\/pages"}],"about":[{"href":"https:\/\/holisens.fondation.online\/index.php?rest_route=\/wp\/v2\/types\/page"}],"author":[{"embeddable":true,"href":"https:\/\/holisens.fondation.online\/index.php?rest_route=\/wp\/v2\/users\/1"}],"replies":[{"embeddable":true,"href":"https:\/\/holisens.fondation.online\/index.php?rest_route=%2Fwp%2Fv2%2Fcomments&post=2275"}],"version-history":[{"count":10,"href":"https:\/\/holisens.fondation.online\/index.php?rest_route=\/wp\/v2\/pages\/2275\/revisions"}],"predecessor-version":[{"id":3128,"href":"https:\/\/holisens.fondation.online\/index.php?rest_route=\/wp\/v2\/pages\/2275\/revisions\/3128"}],"wp:attachment":[{"href":"https:\/\/holisens.fondation.online\/index.php?rest_route=%2Fwp%2Fv2%2Fmedia&parent=2275"}],"curies":[{"name":"wp","href":"https:\/\/api.w.org\/{rel}","templated":true}]}}