{"id":3,"date":"2025-02-17T13:35:04","date_gmt":"2025-02-17T13:35:04","guid":{"rendered":"https:\/\/holisens.fondation.online\/?page_id=3"},"modified":"2026-03-01T14:21:19","modified_gmt":"2026-03-01T14:21:19","slug":"privacy-policy","status":"publish","type":"page","link":"https:\/\/holisens.fondation.online\/?page_id=3","title":{"rendered":"Politique de confidentialit\u00e9"},"content":{"rendered":"\t\t<div data-elementor-type=\"wp-page\" data-elementor-id=\"3\" class=\"elementor elementor-3\" data-elementor-post-type=\"page\">\n\t\t\t\t<div class=\"elementor-element elementor-element-331f833 e-flex e-con-boxed e-con e-parent\" data-id=\"331f833\" data-element_type=\"container\">\n\t\t\t\t\t<div class=\"e-con-inner\">\n\t\t\t\t<div class=\"elementor-element elementor-element-353e748 elementor-widget elementor-widget-heading\" data-id=\"353e748\" data-element_type=\"widget\" data-widget_type=\"heading.default\">\n\t\t\t\t<div class=\"elementor-widget-container\">\n\t\t\t\t\t<h2 class=\"elementor-heading-title elementor-size-default\">Politique de confidentialit\u00e9        <\/h2>\t\t\t\t<\/div>\n\t\t\t\t<\/div>\n\t\t\t\t\t<\/div>\n\t\t\t\t<\/div>\n\t\t<div class=\"elementor-element elementor-element-42567616 e-flex e-con-boxed e-con e-parent\" data-id=\"42567616\" data-element_type=\"container\">\n\t\t\t\t\t<div class=\"e-con-inner\">\n\t\t\t\t<div class=\"elementor-element elementor-element-1893f2a2 elementor-widget elementor-widget-text-editor\" data-id=\"1893f2a2\" data-element_type=\"widget\" data-widget_type=\"text-editor.default\">\n\t\t\t\t<div class=\"elementor-widget-container\">\n\t\t\t\t\t\t\t\t\t<p>Parce que votre confiance est pr\u00e9cieuse, nous prenons soin de vos donn\u00e9es comme d\u2019un tr\u00e9sor.<\/p><p>Notre adresse internet est: https:\/\/www.holisens.com\u00a0<\/p><p><strong><span style=\"background-color: transparent;\">1.\u00a0<\/span><\/strong><strong style=\"background-color: transparent;\">Le moment ou vos donn\u00e9es entrent en sc\u00e8ne<\/strong><\/p><p>Vos informations personnelles sont recueillies lorsque vous passez commande sur notre site ou lorsque vous cr\u00e9ez un compte client. Et bonne nouvelle : vous pouvez aussi commander sans cr\u00e9er de compte, en tant qu\u2019\u00ab invit\u00e9 \u00bb.<\/p><p><strong><span style=\"background-color: transparent;\">2.\u00a0<\/span><\/strong><strong style=\"background-color: transparent;\">Pourquoi nous collectons vos donn\u00e9es<\/strong><\/p><p>Tout ce que nous faisons avec vos donn\u00e9es a une intention claire, utile et bienveillante :<\/p><ul><li style=\"list-style-type: none;\"><ul><li>Pour traiter vos commandes avec soin<\/li><li>Pour vous accompagner dans vos d\u00e9marches<\/li><li>Pour vous envoyer (si vous le souhaitez) des nouvelles inspirantes et offres lumineuses<\/li><li>Pour mieux comprendre vos besoins et am\u00e9liorer nos services<\/li><\/ul><\/li><\/ul><p><strong>3. Combien de temps gardons-nous vos donn\u00e9es ?<\/strong><\/p><p>Juste le temps n\u00e9cessaire pour vous servir au mieux :<\/p><ul><li>Le temps de traiter vos commandes<\/li><li>Tant que votre compte est actif<\/li><li>Plus longtemps, uniquement si la loi l\u2019exige<\/li><\/ul><p>Vous pouvez \u00e0 tout moment demander la suppression de votre compte.<\/p><p><strong><span style=\"background-color: transparent;\">4.\u00a0<\/span>Vos pr\u00e9f\u00e9rences, nos limites<\/strong><\/p><p>Si vous cochez la case magique, vous recevrez peut-\u00eatre de notre part :<\/p><ul><li>Une newsletter douce comme une brise<\/li><li>Des offres pens\u00e9es pour vous<\/li><\/ul><p>Mais rien ne vous y attache : un lien de d\u00e9sinscription est toujours pr\u00e9sent, ou vous pouvez nous \u00e9crire \u00e0 tout moment pour ajuster vos choix.<\/p><p><strong><span style=\"background-color: transparent;\">5.\u00a0<\/span>\u00c0 qui sont partag\u00e9es vos donn\u00e9es ?<\/strong><\/p><p>Vos donn\u00e9es restent dans un cocon s\u00e9curis\u00e9, accessible uniquement \u00e0 :<\/p><ul><li>Nos \u00e9quipes autoris\u00e9es<\/li><li>Nos partenaires de confiance (livraison, paiement), qui respectent les m\u00eames engagements de confidentialit\u00e9<\/li><\/ul><p>Vos donn\u00e9es ne seront jamais vendues ni lou\u00e9es.<\/p><p><strong><span style=\"background-color: transparent;\">6.\u00a0<\/span><\/strong><strong style=\"background-color: transparent;\">Vos droits, naturellement respect\u00e9s<\/strong><\/p><p>Vous avez le pouvoir de :<\/p><ul><li>Consulter vos donn\u00e9es<\/li><li>Les corriger ou les supprimer<\/li><li>Vous opposer \u00e0 leur utilisation<\/li><li>Les transf\u00e9rer ailleurs si vous le souhaitez<\/li><li>Retirer votre consentement, tout simplement<\/li><\/ul><p>Pour toute demande : contact@holisens.com<br \/>Une pi\u00e8ce d\u2019identit\u00e9 peut vous \u00eatre demand\u00e9e pour vous prot\u00e9ger<\/p><p><strong><span style=\"background-color: transparent;\">7.\u00a0<\/span><\/strong><strong style=\"background-color: transparent;\">En cas d&rsquo;impr\u00e9vu<\/strong><\/p><p>En cas de faille de s\u00e9curit\u00e9 ou de perte de donn\u00e9es, vous serez imm\u00e9diatement inform\u00e9(e). HOLISENS prendra toutes les mesures n\u00e9cessaires pour restaurer la s\u00e9curit\u00e9, avec transparence et r\u00e9activit\u00e9.<\/p><p><strong><span style=\"background-color: transparent;\">8.\u00a0<\/span><\/strong><strong style=\"background-color: transparent;\">Et les cookies dans tout \u00e7a\u00a0?<\/strong><\/p><p>HOLISENS est susceptible de mettre en place des cookies sur le Site. Il s\u2019agit d\u2019un proc\u00e9d\u00e9 automatique de tra\u00e7age qui enregistre des informations relatives \u00e0 la navigation sur le Site, et stocke des informations saisies lors des visites sur le Site afin de faciliter l&rsquo;utilisation du Site.<\/p><p>Ces petits fichiers appel\u00e9s sont l\u00e0 pour :<\/p><ul><li>Faciliter votre navigation<\/li><li>Nous aider \u00e0 mieux comprendre comment vous utilisez notre site<\/li><\/ul><p>Ils sont conserv\u00e9s pendant 13 mois maximum. Vous avez toujours le choix : les accepter, les refuser ou les supprimer via les param\u00e8tres de votre navigateur.<\/p><p>HOLISENS utilise ces cookies uniquement pour \u00e9tablir des statistiques de connexion ainsi que des historiques de navigation des Utilisateurs.<\/p><p><strong><span style=\"background-color: transparent;\">9.\u00a0<\/span><\/strong><strong style=\"background-color: transparent;\">En savoir plus sur vos droits<\/strong><\/p><p>Besoin d\u2019un guide clair et officiel ?<br \/>Rendez-vous sur le site de la CNIL : https:\/\/www.cnil.fr\/fr\/comprendre-vos-droits<\/p>\t\t\t\t\t\t\t\t<\/div>\n\t\t\t\t<\/div>\n\t\t\t\t\t<\/div>\n\t\t\t\t<\/div>\n\t\t\t\t<\/div>\n\t\t","protected":false},"excerpt":{"rendered":"<p>Politique de confidentialit\u00e9 Parce que votre confiance est pr\u00e9cieuse, nous prenons soin de vos donn\u00e9es comme d\u2019un tr\u00e9sor. Notre adresse internet est: https:\/\/www.holisens.com\u00a0 1.\u00a0Le moment ou vos donn\u00e9es entrent en sc\u00e8ne Vos informations personnelles sont recueillies lorsque vous passez commande sur notre site ou lorsque vous cr\u00e9ez un compte client. Et bonne nouvelle : vous [&hellip;]<\/p>\n","protected":false},"author":1,"featured_media":0,"parent":0,"menu_order":0,"comment_status":"closed","ping_status":"open","template":"","meta":{"_acf_changed":false,"footnotes":""},"class_list":["post-3","page","type-page","status-publish","hentry"],"acf":[],"_links":{"self":[{"href":"https:\/\/holisens.fondation.online\/index.php?rest_route=\/wp\/v2\/pages\/3","targetHints":{"allow":["GET"]}}],"collection":[{"href":"https:\/\/holisens.fondation.online\/index.php?rest_route=\/wp\/v2\/pages"}],"about":[{"href":"https:\/\/holisens.fondation.online\/index.php?rest_route=\/wp\/v2\/types\/page"}],"author":[{"embeddable":true,"href":"https:\/\/holisens.fondation.online\/index.php?rest_route=\/wp\/v2\/users\/1"}],"replies":[{"embeddable":true,"href":"https:\/\/holisens.fondation.online\/index.php?rest_route=%2Fwp%2Fv2%2Fcomments&post=3"}],"version-history":[{"count":10,"href":"https:\/\/holisens.fondation.online\/index.php?rest_route=\/wp\/v2\/pages\/3\/revisions"}],"predecessor-version":[{"id":3175,"href":"https:\/\/holisens.fondation.online\/index.php?rest_route=\/wp\/v2\/pages\/3\/revisions\/3175"}],"wp:attachment":[{"href":"https:\/\/holisens.fondation.online\/index.php?rest_route=%2Fwp%2Fv2%2Fmedia&parent=3"}],"curies":[{"name":"wp","href":"https:\/\/api.w.org\/{rel}","templated":true}]}}