{"id":6,"date":"2025-02-17T13:35:18","date_gmt":"2025-02-17T13:35:18","guid":{"rendered":"https:\/\/holisens.fondation.online\/cart\/"},"modified":"2025-07-09T08:56:11","modified_gmt":"2025-07-09T08:56:11","slug":"cart","status":"publish","type":"page","link":"https:\/\/holisens.fondation.online\/?page_id=6","title":{"rendered":"Panier"},"content":{"rendered":"\t\t<div data-elementor-type=\"wp-page\" data-elementor-id=\"6\" class=\"elementor elementor-6\" data-elementor-post-type=\"page\">\n\t\t\t\t<div class=\"elementor-element elementor-element-4c4243b e-flex e-con-boxed e-con e-parent\" data-id=\"4c4243b\" data-element_type=\"container\">\n\t\t\t\t\t<div class=\"e-con-inner\">\n\t\t\t\t<div class=\"elementor-element elementor-element-986bc6e e-cart-layout-two-column elementor-widget elementor-widget-woocommerce-cart\" data-id=\"986bc6e\" data-element_type=\"widget\" data-settings=\"{&quot;update_cart_automatically&quot;:&quot;yes&quot;}\" data-widget_type=\"woocommerce-cart.default\">\n\t\t\t\t<div class=\"elementor-widget-container\">\n\t\t\t\t\t<div class=\"woocommerce\"><div class=\"woocommerce-notices-wrapper\"><\/div><div class=\"wc-empty-cart-message\">\n\t<div class=\"cart-empty woocommerce-info\" role=\"status\">\n\t\tVotre panier est actuellement vide.\t<\/div>\n<\/div>\t<p class=\"return-to-shop\">\n\t\t<a class=\"button wc-backward\" href=\"https:\/\/holisens.fondation.online\/?page_id=5\">\n\t\t\tRetour \u00e0 la boutique\t\t<\/a>\n\t<\/p>\n<\/div>\t\t\t\t<\/div>\n\t\t\t\t<\/div>\n\t\t\t\t\t<\/div>\n\t\t\t\t<\/div>\n\t\t<div class=\"elementor-element elementor-element-b02af52 e-flex e-con-boxed e-con e-parent\" data-id=\"b02af52\" data-element_type=\"container\">\n\t\t\t\t\t<div class=\"e-con-inner\">\n\t\t<div class=\"elementor-element elementor-element-dc97887 e-con-full e-flex e-con e-child\" data-id=\"dc97887\" data-element_type=\"container\">\n\t\t\t\t<div class=\"elementor-element elementor-element-297c4e3 elementor-align-left elementor-mobile-align-center elementor-widget elementor-widget-button\" data-id=\"297c4e3\" data-element_type=\"widget\" data-widget_type=\"button.default\">\n\t\t\t\t<div class=\"elementor-widget-container\">\n\t\t\t\t\t\t\t\t\t<div class=\"elementor-button-wrapper\">\n\t\t\t\t\t<a class=\"elementor-button elementor-button-link elementor-size-sm\" href=\"https:\/\/holisens.fondation.online\/?post_type=product\">\n\t\t\t\t\t\t<span class=\"elementor-button-content-wrapper\">\n\t\t\t\t\t\t\t\t\t<span class=\"elementor-button-text\">Continuer mes achats<\/span>\n\t\t\t\t\t<\/span>\n\t\t\t\t\t<\/a>\n\t\t\t\t<\/div>\n\t\t\t\t\t\t\t\t<\/div>\n\t\t\t\t<\/div>\n\t\t\t\t<\/div>\n\t\t<div class=\"elementor-element elementor-element-df45304 e-con-full e-flex e-con e-child\" data-id=\"df45304\" data-element_type=\"container\">\n\t\t\t\t<div class=\"elementor-element elementor-element-4ca7880 elementor-widget__width-inherit elementor-widget elementor-widget-text-editor\" data-id=\"4ca7880\" data-element_type=\"widget\" data-widget_type=\"text-editor.default\">\n\t\t\t\t<div class=\"elementor-widget-container\">\n\t\t\t\t\t\t\t\t\t<p>Frais de port et taxes calcul\u00e9s au paiement<\/p>\t\t\t\t\t\t\t\t<\/div>\n\t\t\t\t<\/div>\n\t\t\t\t<\/div>\n\t\t\t\t\t<\/div>\n\t\t\t\t<\/div>\n\t\t\t\t<\/div>\n\t\t","protected":false},"excerpt":{"rendered":"<p>Supprimer l\u2019\u00e9l\u00e9ment Miniature Produit Prix Quantit\u00e9 Sous-total &times; Parfum de Linge en Perles 4.99&nbsp;&euro; quantit\u00e9 de Parfum de Linge en Perles 9.98&nbsp;&euro; &times; Brume Corps &amp; Cheveux 5.99&nbsp;&euro; quantit\u00e9 de Brume Corps &amp; Cheveux 5.99&nbsp;&euro; Total Sous-total 15.97&nbsp;&euro; Total 15.97&nbsp;&euro; Commander Continuer mes achats Frais de port et taxes calcul\u00e9s au paiement<\/p>\n","protected":false},"author":1,"featured_media":0,"parent":0,"menu_order":0,"comment_status":"closed","ping_status":"closed","template":"elementor_header_footer","meta":{"_acf_changed":false,"footnotes":""},"class_list":["post-6","page","type-page","status-publish","hentry"],"acf":[],"_links":{"self":[{"href":"https:\/\/holisens.fondation.online\/index.php?rest_route=\/wp\/v2\/pages\/6","targetHints":{"allow":["GET"]}}],"collection":[{"href":"https:\/\/holisens.fondation.online\/index.php?rest_route=\/wp\/v2\/pages"}],"about":[{"href":"https:\/\/holisens.fondation.online\/index.php?rest_route=\/wp\/v2\/types\/page"}],"author":[{"embeddable":true,"href":"https:\/\/holisens.fondation.online\/index.php?rest_route=\/wp\/v2\/users\/1"}],"replies":[{"embeddable":true,"href":"https:\/\/holisens.fondation.online\/index.php?rest_route=%2Fwp%2Fv2%2Fcomments&post=6"}],"version-history":[{"count":10,"href":"https:\/\/holisens.fondation.online\/index.php?rest_route=\/wp\/v2\/pages\/6\/revisions"}],"predecessor-version":[{"id":2249,"href":"https:\/\/holisens.fondation.online\/index.php?rest_route=\/wp\/v2\/pages\/6\/revisions\/2249"}],"wp:attachment":[{"href":"https:\/\/holisens.fondation.online\/index.php?rest_route=%2Fwp%2Fv2%2Fmedia&parent=6"}],"curies":[{"name":"wp","href":"https:\/\/api.w.org\/{rel}","templated":true}]}}