{"id":1468,"date":"2025-06-08T07:54:10","date_gmt":"2025-06-08T07:54:10","guid":{"rendered":"https:\/\/holisens.fondation.online\/?post_type=product&#038;p=1468"},"modified":"2026-02-13T16:50:30","modified_gmt":"2026-02-13T16:50:30","slug":"brume-corps-cheveux","status":"publish","type":"product","link":"https:\/\/holisens.fondation.online\/?product=brume-corps-cheveux","title":{"rendered":"Brume Corps &#038; Cheveux"},"content":{"rendered":"<p>Brume parfum\u00e9e Corps et Cheveux \u00e0 prix doux enrichi en Am\u00e9thyste, Lavande &amp; Bois de Santal<\/p>\n<p>97% d\u2019origine naturelle et v\u00e9gan<\/p>\n<p>Fabrication fran\u00e7aise . Une senteur d\u00e9licate qui d\u00e9tend et relaxe, activ\u00e9e par la technologie DreamScentz et n\u00e9e dans le berceau de la parfumerie fran\u00e7aise \u00e0 Grasse.<\/p>\n","protected":false},"excerpt":{"rendered":"<p style=\"text-align: center;\">Enveloppez le corps et les cheveux d&rsquo;un <strong>voile<\/strong> parfum\u00e9 <strong>d\u00e9licat<\/strong> &amp; <strong>mystique<\/strong>, enrichi en extrait d&rsquo;<strong>Am\u00e9thyste<\/strong> \u00e0 l&rsquo;\u00e9nergie vibratoire bienfaisante.<\/p>\n<p style=\"text-align: center;\">Activ\u00e9 par la technologie <strong>DreamScentz\u2122<\/strong>, il d\u00e9ploie un <strong>sillage<\/strong> favorisant naturellement <strong>le calme<\/strong> et <strong>la relaxation<\/strong><\/p>\n<p style=\"text-align: center;\">Test\u00e9e sous contr\u00f4le dermatologique<br \/>\n<strong>97% d\u2019origine naturelle et v\u00e9gan<\/strong><\/p>\n<p style=\"text-align: center;\">Fabrication fran\u00e7aise.<\/p>\n","protected":false},"featured_media":2151,"template":"","meta":{"_acf_changed":false},"product_brand":[42],"product_cat":[19],"product_tag":[],"class_list":{"0":"post-1468","1":"product","2":"type-product","3":"status-publish","4":"has-post-thumbnail","6":"product_brand-e4","7":"product_cat-brume-corps-et-cheveux","9":"first","10":"instock","11":"taxable","12":"shipping-taxable","13":"purchasable","14":"product-type-simple"},"acf":[],"_links":{"self":[{"href":"https:\/\/holisens.fondation.online\/index.php?rest_route=\/wp\/v2\/product\/1468","targetHints":{"allow":["GET"]}}],"collection":[{"href":"https:\/\/holisens.fondation.online\/index.php?rest_route=\/wp\/v2\/product"}],"about":[{"href":"https:\/\/holisens.fondation.online\/index.php?rest_route=\/wp\/v2\/types\/product"}],"wp:featuredmedia":[{"embeddable":true,"href":"https:\/\/holisens.fondation.online\/index.php?rest_route=\/wp\/v2\/media\/2151"}],"wp:attachment":[{"href":"https:\/\/holisens.fondation.online\/index.php?rest_route=%2Fwp%2Fv2%2Fmedia&parent=1468"}],"wp:term":[{"taxonomy":"product_brand","embeddable":true,"href":"https:\/\/holisens.fondation.online\/index.php?rest_route=%2Fwp%2Fv2%2Fproduct_brand&post=1468"},{"taxonomy":"product_cat","embeddable":true,"href":"https:\/\/holisens.fondation.online\/index.php?rest_route=%2Fwp%2Fv2%2Fproduct_cat&post=1468"},{"taxonomy":"product_tag","embeddable":true,"href":"https:\/\/holisens.fondation.online\/index.php?rest_route=%2Fwp%2Fv2%2Fproduct_tag&post=1468"}],"curies":[{"name":"wp","href":"https:\/\/api.w.org\/{rel}","templated":true}]}}