{"id":1470,"date":"2025-06-08T08:52:25","date_gmt":"2025-06-08T08:52:25","guid":{"rendered":"https:\/\/holisens.fondation.online\/?post_type=product&#038;p=1470"},"modified":"2026-02-22T08:25:27","modified_gmt":"2026-02-22T08:25:27","slug":"brume-corps-cheveux-2","status":"publish","type":"product","link":"https:\/\/holisens.fondation.online\/?product=brume-corps-cheveux-2","title":{"rendered":"Brume Corps &#038; Cheveux"},"content":{"rendered":"<p>Brume parfum\u00e9e Corps et Cheveux \u00e0 prix doux enrichi en Quartz Rose et Fleur de Cerisier.<\/p>\n<p>96% d\u2019origine naturelle et v\u00e9gan<\/p>\n<p>Fabrication fran\u00e7aise . Une senteur d\u00e9licate qui r\u00e9conforte, n\u00e9e dans le berceau de la parfumerie fran\u00e7aise \u00e0 Grasse.<\/p>\n","protected":false},"excerpt":{"rendered":"<p style=\"text-align: center;\">Enveloppez le corps et les cheveux d&rsquo;un <strong>voile d\u00e9licat<\/strong> et <strong>poudr\u00e9<\/strong> enrichi en extrait de <strong>Quartz rose<\/strong> \u00e0 l&rsquo;<strong>\u00e9nergie vibratoire bienfaisante<\/strong>.<\/p>\n<p style=\"text-align: center;\">Tendre floral, il <strong>r\u00e9conforte<\/strong> et <strong>donne confiance<\/strong> d\u00e8s la premi\u00e8re application.<\/p>\n<p style=\"text-align: center;\">Test\u00e9e sous contr\u00f4le dermatologique<br \/>\n<strong>96% d\u2019origine naturelle et v\u00e9gan<\/strong><\/p>\n<p style=\"text-align: center;\">Fabrication fran\u00e7aise.<\/p>\n","protected":false},"featured_media":1587,"template":"","meta":{"_acf_changed":false},"product_brand":[31],"product_cat":[19],"product_tag":[],"class_list":{"0":"post-1470","1":"product","2":"type-product","3":"status-publish","4":"has-post-thumbnail","6":"product_brand-e1","7":"product_cat-brume-corps-et-cheveux","9":"first","10":"instock","11":"taxable","12":"shipping-taxable","13":"purchasable","14":"product-type-simple"},"acf":[],"_links":{"self":[{"href":"https:\/\/holisens.fondation.online\/index.php?rest_route=\/wp\/v2\/product\/1470","targetHints":{"allow":["GET"]}}],"collection":[{"href":"https:\/\/holisens.fondation.online\/index.php?rest_route=\/wp\/v2\/product"}],"about":[{"href":"https:\/\/holisens.fondation.online\/index.php?rest_route=\/wp\/v2\/types\/product"}],"wp:featuredmedia":[{"embeddable":true,"href":"https:\/\/holisens.fondation.online\/index.php?rest_route=\/wp\/v2\/media\/1587"}],"wp:attachment":[{"href":"https:\/\/holisens.fondation.online\/index.php?rest_route=%2Fwp%2Fv2%2Fmedia&parent=1470"}],"wp:term":[{"taxonomy":"product_brand","embeddable":true,"href":"https:\/\/holisens.fondation.online\/index.php?rest_route=%2Fwp%2Fv2%2Fproduct_brand&post=1470"},{"taxonomy":"product_cat","embeddable":true,"href":"https:\/\/holisens.fondation.online\/index.php?rest_route=%2Fwp%2Fv2%2Fproduct_cat&post=1470"},{"taxonomy":"product_tag","embeddable":true,"href":"https:\/\/holisens.fondation.online\/index.php?rest_route=%2Fwp%2Fv2%2Fproduct_tag&post=1470"}],"curies":[{"name":"wp","href":"https:\/\/api.w.org\/{rel}","templated":true}]}}