{"id":2927,"date":"2026-01-11T10:37:03","date_gmt":"2026-01-11T10:37:03","guid":{"rendered":"https:\/\/holisens.fondation.online\/?post_type=product&#038;p=2927"},"modified":"2026-02-11T20:24:04","modified_gmt":"2026-02-11T20:24:04","slug":"eau-fraiche-infusee-3","status":"publish","type":"product","link":"https:\/\/holisens.fondation.online\/?product=eau-fraiche-infusee-3","title":{"rendered":"Eau Fraiche Infus\u00e9e"},"content":{"rendered":"<p>Eau parfum\u00e9e Infus\u00e9e aux cristaux d&rsquo;Aventurine verte \u00e0 prix doux. Une senteur d\u00e9licate enrichi en Malachite, Alo\u00e9 V\u00e9ra &amp; Eau de Coco qui apaise, n\u00e9e dans le berceau de la parfumerie \u00e0 Grasse.<\/p>\n<p>97% d\u2019origine naturelle et v\u00e9gan<\/p>\n<p>Fabrication fran\u00e7aise<\/p>\n","protected":false},"excerpt":{"rendered":"<p style=\"text-align: center;\">Enrichie en extrait de <strong>Malachite<\/strong> et <strong>infus\u00e9e<\/strong> aux <strong>cristaux d&rsquo;Aventurine verte<\/strong> \u00e0 l&rsquo;<strong>\u00e9nergie<\/strong> vibratoire <strong>bienfaisante<\/strong>.<\/p>\n<p style=\"text-align: center;\">Une senteur<strong> fraiche<\/strong> et <strong>d\u00e9licate<\/strong>, activ\u00e9 par la <strong>technologie DreamScentz\u2122<\/strong> qui <strong>apaise<\/strong> et <strong>favorise la paix int\u00e9rieure<\/strong>.<\/p>\n<p style=\"text-align: center;\">Test\u00e9e sous contr\u00f4le dermatologique<br \/>\n<strong>97% d\u2019origine naturelle et v\u00e9gan<\/strong><\/p>\n<p style=\"text-align: center;\">Fabrication fran\u00e7aise.<\/p>\n","protected":false},"featured_media":2158,"template":"","meta":{"_acf_changed":false},"product_brand":[33],"product_cat":[21],"product_tag":[],"class_list":{"0":"post-2927","1":"product","2":"type-product","3":"status-publish","4":"has-post-thumbnail","6":"product_brand-e2","7":"product_cat-eau-fraiche-infusee","9":"first","10":"instock","11":"taxable","12":"shipping-taxable","13":"purchasable","14":"product-type-simple"},"acf":[],"_links":{"self":[{"href":"https:\/\/holisens.fondation.online\/index.php?rest_route=\/wp\/v2\/product\/2927","targetHints":{"allow":["GET"]}}],"collection":[{"href":"https:\/\/holisens.fondation.online\/index.php?rest_route=\/wp\/v2\/product"}],"about":[{"href":"https:\/\/holisens.fondation.online\/index.php?rest_route=\/wp\/v2\/types\/product"}],"wp:featuredmedia":[{"embeddable":true,"href":"https:\/\/holisens.fondation.online\/index.php?rest_route=\/wp\/v2\/media\/2158"}],"wp:attachment":[{"href":"https:\/\/holisens.fondation.online\/index.php?rest_route=%2Fwp%2Fv2%2Fmedia&parent=2927"}],"wp:term":[{"taxonomy":"product_brand","embeddable":true,"href":"https:\/\/holisens.fondation.online\/index.php?rest_route=%2Fwp%2Fv2%2Fproduct_brand&post=2927"},{"taxonomy":"product_cat","embeddable":true,"href":"https:\/\/holisens.fondation.online\/index.php?rest_route=%2Fwp%2Fv2%2Fproduct_cat&post=2927"},{"taxonomy":"product_tag","embeddable":true,"href":"https:\/\/holisens.fondation.online\/index.php?rest_route=%2Fwp%2Fv2%2Fproduct_tag&post=2927"}],"curies":[{"name":"wp","href":"https:\/\/api.w.org\/{rel}","templated":true}]}}