{"id":77,"date":"2025-02-17T14:50:49","date_gmt":"2025-02-17T14:50:49","guid":{"rendered":"https:\/\/holisens.fondation.online\/?post_type=product&#038;p=77"},"modified":"2026-02-13T16:46:57","modified_gmt":"2026-02-13T16:46:57","slug":"gel-douche-bienfaisant-2","status":"publish","type":"product","link":"https:\/\/holisens.fondation.online\/?product=gel-douche-bienfaisant-2","title":{"rendered":"Gel Douche Bienfaisant"},"content":{"rendered":"<p>Hydrate &amp; Apaise<\/p>\n<p>Nettoyant doux pour tous types de peaux \u00e0 prix doux enrichi de 3% de glyc\u00e9rine, extraits de Malachite, Alo\u00e9 V\u00e9ra &amp; Eau de Coco.<\/p>\n<p>96% d&rsquo;origine naturelle et v\u00e9gan<\/p>\n<p>Fabrication fran\u00e7aise<\/p>\n","protected":false},"excerpt":{"rendered":"<p style=\"text-align: center;\">Texture onctueuse et mousse g\u00e9n\u00e9reuse vous offre une<strong> Bulle de Calme<\/strong><\/p>\n<p style=\"text-align: center;\"><strong>Nettoyant doux<\/strong>, respecte et hydrate votre peau au quotidien<\/p>\n<p style=\"text-align: center;\">Son parfum, activ\u00e9 par la technologie <strong>DreamScentz\u2122<\/strong>, d\u00e9ploie un sillage favorisant <strong>la paix int\u00e9rieure<\/strong>.<\/p>\n<p style=\"text-align: center;\">Test\u00e9 sous contr\u00f4le dermatologique<br \/>\n<strong>96% d\u2019origine naturelle et v\u00e9gan<\/strong><\/p>\n<p style=\"text-align: center;\">Fabrication fran\u00e7aise<\/p>\n","protected":false},"featured_media":2159,"template":"","meta":{"_acf_changed":false},"product_brand":[33],"product_cat":[17],"product_tag":[],"class_list":{"0":"post-77","1":"product","2":"type-product","3":"status-publish","4":"has-post-thumbnail","6":"product_brand-e2","7":"product_cat-gel-douche","9":"first","10":"instock","11":"taxable","12":"shipping-taxable","13":"purchasable","14":"product-type-simple"},"acf":[],"_links":{"self":[{"href":"https:\/\/holisens.fondation.online\/index.php?rest_route=\/wp\/v2\/product\/77","targetHints":{"allow":["GET"]}}],"collection":[{"href":"https:\/\/holisens.fondation.online\/index.php?rest_route=\/wp\/v2\/product"}],"about":[{"href":"https:\/\/holisens.fondation.online\/index.php?rest_route=\/wp\/v2\/types\/product"}],"wp:featuredmedia":[{"embeddable":true,"href":"https:\/\/holisens.fondation.online\/index.php?rest_route=\/wp\/v2\/media\/2159"}],"wp:attachment":[{"href":"https:\/\/holisens.fondation.online\/index.php?rest_route=%2Fwp%2Fv2%2Fmedia&parent=77"}],"wp:term":[{"taxonomy":"product_brand","embeddable":true,"href":"https:\/\/holisens.fondation.online\/index.php?rest_route=%2Fwp%2Fv2%2Fproduct_brand&post=77"},{"taxonomy":"product_cat","embeddable":true,"href":"https:\/\/holisens.fondation.online\/index.php?rest_route=%2Fwp%2Fv2%2Fproduct_cat&post=77"},{"taxonomy":"product_tag","embeddable":true,"href":"https:\/\/holisens.fondation.online\/index.php?rest_route=%2Fwp%2Fv2%2Fproduct_tag&post=77"}],"curies":[{"name":"wp","href":"https:\/\/api.w.org\/{rel}","templated":true}]}}