{"id":898,"date":"2025-03-28T14:39:27","date_gmt":"2025-03-28T14:39:27","guid":{"rendered":"https:\/\/holisens.fondation.online\/?post_type=product&#038;p=898"},"modified":"2026-03-16T10:45:38","modified_gmt":"2026-03-16T10:45:38","slug":"serum-serenite","status":"publish","type":"product","link":"https:\/\/holisens.fondation.online\/?product=serum-serenite","title":{"rendered":"S\u00e9rum Hydra Calm"},"content":{"rendered":"<p>Hydrate &amp; Apaise<\/p>\n<p>Booster d\u2019hydratation pour peaux sensibles \u00e0 prix doux enrichi en Acide hyaluronique*, Malachite et Alo\u00e9 V\u00e9ra.<\/p>\n<p>98% d\u2019origine naturelle et v\u00e9gan<\/p>\n<p>Fabrication fran\u00e7aise<\/p>\n<p>&nbsp;<\/p>\n","protected":false},"excerpt":{"rendered":"<p style=\"text-align: center;\"><strong>Booster d\u2019hydratation<\/strong> pour r\u00e9v\u00e9ler l\u2019\u00e9clat naturel des <strong>peaux sensibles.<\/strong><br \/>\n<strong>Hydratant <\/strong>et<strong> apaisant, <\/strong>ce soin<strong> r\u00e9v\u00e8le la s\u00e9r\u00e9nit\u00e9<\/strong> de votre peau en <strong>r\u00e9duisant les signes de l\u2019\u00e2ge<\/strong> et du stress cutan\u00e9.<\/p>\n<p style=\"text-align: center;\">Test\u00e9 sous contr\u00f4le dermatologique<br \/>\n<strong>98% d\u2019origine naturelle et v\u00e9gan<\/strong><\/p>\n<p style=\"text-align: center;\">Fabrication fran\u00e7aise<\/p>\n","protected":false},"featured_media":2160,"template":"","meta":{"_acf_changed":false},"product_brand":[33],"product_cat":[20],"product_tag":[],"class_list":{"0":"post-898","1":"product","2":"type-product","3":"status-publish","4":"has-post-thumbnail","6":"product_brand-e2","7":"product_cat-serum","9":"first","10":"instock","11":"taxable","12":"shipping-taxable","13":"purchasable","14":"product-type-simple"},"acf":[],"_links":{"self":[{"href":"https:\/\/holisens.fondation.online\/index.php?rest_route=\/wp\/v2\/product\/898","targetHints":{"allow":["GET"]}}],"collection":[{"href":"https:\/\/holisens.fondation.online\/index.php?rest_route=\/wp\/v2\/product"}],"about":[{"href":"https:\/\/holisens.fondation.online\/index.php?rest_route=\/wp\/v2\/types\/product"}],"wp:featuredmedia":[{"embeddable":true,"href":"https:\/\/holisens.fondation.online\/index.php?rest_route=\/wp\/v2\/media\/2160"}],"wp:attachment":[{"href":"https:\/\/holisens.fondation.online\/index.php?rest_route=%2Fwp%2Fv2%2Fmedia&parent=898"}],"wp:term":[{"taxonomy":"product_brand","embeddable":true,"href":"https:\/\/holisens.fondation.online\/index.php?rest_route=%2Fwp%2Fv2%2Fproduct_brand&post=898"},{"taxonomy":"product_cat","embeddable":true,"href":"https:\/\/holisens.fondation.online\/index.php?rest_route=%2Fwp%2Fv2%2Fproduct_cat&post=898"},{"taxonomy":"product_tag","embeddable":true,"href":"https:\/\/holisens.fondation.online\/index.php?rest_route=%2Fwp%2Fv2%2Fproduct_tag&post=898"}],"curies":[{"name":"wp","href":"https:\/\/api.w.org\/{rel}","templated":true}]}}