{"id":904,"date":"2025-03-28T14:41:53","date_gmt":"2025-03-28T14:41:53","guid":{"rendered":"https:\/\/holisens.fondation.online\/?post_type=product&#038;p=904"},"modified":"2026-02-11T20:28:41","modified_gmt":"2026-02-11T20:28:41","slug":"eau-fraiche-infusee-2","status":"publish","type":"product","link":"https:\/\/holisens.fondation.online\/?product=eau-fraiche-infusee-2","title":{"rendered":"Eau Fraiche Infus\u00e9e"},"content":{"rendered":"<p>Eau Fraiche Infus\u00e9e aux cristaux d&rsquo;\u0152il de Tigre \u00e0 prix doux. Une senteur d\u00e9licate de vacances enrichi en Ambre et Fleur de Tiar\u00e9 qui illumine, n\u00e9e dans le berceau de la parfumerie fran\u00e7aise \u00e0 Grasse.<\/p>\n<p>96% d&rsquo;origine naturelle et v\u00e9gan<\/p>\n<p>Fabrication fran\u00e7aise<\/p>\n","protected":false},"excerpt":{"rendered":"<p style=\"text-align: center;\">Enrichie en extrait d&rsquo;<strong>Ambre<\/strong> et infus\u00e9e aux <strong>cristaux d&rsquo;Oeil de Tigre<\/strong> \u00e0 l&rsquo;\u00e9nergie vibratoire bienfaisante.<br \/>\nUne senteur<strong> chaude et mystique, <\/strong>activ\u00e9e par la technologie<strong> DreamScentz\u2122 <\/strong>qui d\u00e9ploie un sillage <strong>solaire et enveloppant <\/strong>qui <strong>donne le sourire <\/strong>d\u00e8s la premi\u00e8re application.<\/p>\n<p style=\"text-align: center;\">Test\u00e9e sous contr\u00f4le dermatologique<br \/>\n<strong>96% d\u2019origine naturelle et v\u00e9gan<\/strong><\/p>\n<p style=\"text-align: center;\">Fabrication fran\u00e7aise.<\/p>\n<p style=\"text-align: center;\">\n","protected":false},"featured_media":2155,"template":"","meta":{"_acf_changed":false},"product_brand":[29],"product_cat":[21],"product_tag":[],"class_list":{"0":"post-904","1":"product","2":"type-product","3":"status-publish","4":"has-post-thumbnail","6":"product_brand-e3","7":"product_cat-eau-fraiche-infusee","9":"first","10":"instock","11":"taxable","12":"shipping-taxable","13":"purchasable","14":"product-type-simple"},"acf":[],"_links":{"self":[{"href":"https:\/\/holisens.fondation.online\/index.php?rest_route=\/wp\/v2\/product\/904","targetHints":{"allow":["GET"]}}],"collection":[{"href":"https:\/\/holisens.fondation.online\/index.php?rest_route=\/wp\/v2\/product"}],"about":[{"href":"https:\/\/holisens.fondation.online\/index.php?rest_route=\/wp\/v2\/types\/product"}],"wp:featuredmedia":[{"embeddable":true,"href":"https:\/\/holisens.fondation.online\/index.php?rest_route=\/wp\/v2\/media\/2155"}],"wp:attachment":[{"href":"https:\/\/holisens.fondation.online\/index.php?rest_route=%2Fwp%2Fv2%2Fmedia&parent=904"}],"wp:term":[{"taxonomy":"product_brand","embeddable":true,"href":"https:\/\/holisens.fondation.online\/index.php?rest_route=%2Fwp%2Fv2%2Fproduct_brand&post=904"},{"taxonomy":"product_cat","embeddable":true,"href":"https:\/\/holisens.fondation.online\/index.php?rest_route=%2Fwp%2Fv2%2Fproduct_cat&post=904"},{"taxonomy":"product_tag","embeddable":true,"href":"https:\/\/holisens.fondation.online\/index.php?rest_route=%2Fwp%2Fv2%2Fproduct_tag&post=904"}],"curies":[{"name":"wp","href":"https:\/\/api.w.org\/{rel}","templated":true}]}}