{"id":906,"date":"2025-03-28T14:43:50","date_gmt":"2025-03-28T14:43:50","guid":{"rendered":"https:\/\/holisens.fondation.online\/?post_type=product&#038;p=906"},"modified":"2026-03-16T10:44:12","modified_gmt":"2026-03-16T10:44:12","slug":"serum-detente","status":"publish","type":"product","link":"https:\/\/holisens.fondation.online\/?product=serum-detente","title":{"rendered":"S\u00e9rum Huile Re&rsquo;pulp"},"content":{"rendered":"<p style=\"text-align: left;\">Nourrit &amp; D\u00e9contracte<\/p>\n<p style=\"text-align: left;\"><strong>Soin <\/strong>booster <strong>repulpant<\/strong> pour <strong>peaux matures<\/strong> \u00e0 prix doux enrichi en <strong>Bakuchiol<\/strong>*, <strong>Amethyste<\/strong> et <strong>Ol\u00e9oBliss\u00ae<\/strong>.<\/p>\n<p style=\"text-align: left;\"><strong>98% d\u2019origine naturelle et v\u00e9gan<\/strong><\/p>\n<p style=\"text-align: left;\">Fabrication fran\u00e7aise<\/p>\n","protected":false},"excerpt":{"rendered":"<p style=\"text-align: center;\">Booster<strong> repulpant<\/strong> <strong>r\u00e9v\u00e9lateur<\/strong> de <strong>d\u00e9tente<\/strong> et <strong>d&rsquo;\u00e9clat<\/strong> pour les <strong>peaux matures.<\/strong><\/p>\n<p style=\"text-align: center;\"><strong>Nourrissant<\/strong> et <strong>relaxant<\/strong>, ce soin <strong>redonne rebond et confort <\/strong>\u00e0 la peau tout en aidant \u00e0<strong> d\u00e9contracter les traits <\/strong>pour un <strong>visage plus lisse<\/strong>, apais\u00e9 et lumineux.<\/p>\n<p style=\"text-align: center;\">Test\u00e9 sous contr\u00f4le dermatologique<br \/>\n<strong>98% d\u2019origine naturelle et v\u00e9gan<\/strong><\/p>\n<p style=\"text-align: center;\">Fabrication fran\u00e7aise<\/p>\n","protected":false},"featured_media":2150,"template":"","meta":{"_acf_changed":false},"product_brand":[42],"product_cat":[20],"product_tag":[],"class_list":{"0":"post-906","1":"product","2":"type-product","3":"status-publish","4":"has-post-thumbnail","6":"product_brand-e4","7":"product_cat-serum","9":"first","10":"instock","11":"taxable","12":"shipping-taxable","13":"purchasable","14":"product-type-simple"},"acf":[],"_links":{"self":[{"href":"https:\/\/holisens.fondation.online\/index.php?rest_route=\/wp\/v2\/product\/906","targetHints":{"allow":["GET"]}}],"collection":[{"href":"https:\/\/holisens.fondation.online\/index.php?rest_route=\/wp\/v2\/product"}],"about":[{"href":"https:\/\/holisens.fondation.online\/index.php?rest_route=\/wp\/v2\/types\/product"}],"wp:featuredmedia":[{"embeddable":true,"href":"https:\/\/holisens.fondation.online\/index.php?rest_route=\/wp\/v2\/media\/2150"}],"wp:attachment":[{"href":"https:\/\/holisens.fondation.online\/index.php?rest_route=%2Fwp%2Fv2%2Fmedia&parent=906"}],"wp:term":[{"taxonomy":"product_brand","embeddable":true,"href":"https:\/\/holisens.fondation.online\/index.php?rest_route=%2Fwp%2Fv2%2Fproduct_brand&post=906"},{"taxonomy":"product_cat","embeddable":true,"href":"https:\/\/holisens.fondation.online\/index.php?rest_route=%2Fwp%2Fv2%2Fproduct_cat&post=906"},{"taxonomy":"product_tag","embeddable":true,"href":"https:\/\/holisens.fondation.online\/index.php?rest_route=%2Fwp%2Fv2%2Fproduct_tag&post=906"}],"curies":[{"name":"wp","href":"https:\/\/api.w.org\/{rel}","templated":true}]}}